{"id":3946,"date":"2023-01-11T06:01:39","date_gmt":"2023-01-11T06:01:39","guid":{"rendered":"https:\/\/hendlex.lt\/?page_id=3946"},"modified":"2024-11-20T17:06:26","modified_gmt":"2024-11-20T15:06:26","slug":"apmokejimas-ir-pristatymas-2","status":"publish","type":"page","link":"https:\/\/hendlex.lt\/lt\/krepselis\/apmokejimas-ir-pristatymas-2\/","title":{"rendered":"Apmok\u0117jimas ir Pristatymas"},"content":{"rendered":"<div data-elementor-type=\"wp-page\" data-elementor-id=\"3946\" class=\"elementor elementor-3946\" data-elementor-post-type=\"page\">\n\t\t\t\t\t\t<section class=\"elementor-section elementor-top-section elementor-element elementor-element-16d49ef3 elementor-section-boxed elementor-section-height-default elementor-section-height-default\" data-id=\"16d49ef3\" data-element_type=\"section\" data-e-type=\"section\">\n\t\t\t\t\t\t<div class=\"elementor-container elementor-column-gap-default\">\n\t\t\t\t\t<div class=\"elementor-column elementor-col-100 elementor-top-column elementor-element elementor-element-21845e5b\" data-id=\"21845e5b\" data-element_type=\"column\" data-e-type=\"column\">\n\t\t\t<div class=\"elementor-column-wrap--21845e5b elementor-widget-wrap elementor-element-populated\">\n\t\t\t\t\t\t<div class=\"elementor-element elementor-element-3ea09089 elementor-widget elementor-widget-text-editor\" data-id=\"3ea09089\" data-element_type=\"widget\" data-e-type=\"widget\" data-no-translation=\"\" data-widget_type=\"text-editor.default\">\n\t\t\t\t<div class=\"elementor-widget-container\">\n\t\t\t\t\t<style>.elementor-element-3ea09089{display:none !important}<\/style>\t\t\t\t<\/div>\n\t\t\t\t<\/div>\n\t\t\t\t<div class=\"elementor-element elementor-element-96b61b7 elementor-widget elementor-widget-text-editor\" data-id=\"96b61b7\" data-element_type=\"widget\" data-e-type=\"widget\" data-no-translation=\"\" data-widget_type=\"text-editor.default\">\n\t\t\t\t<div class=\"elementor-widget-container\">\n\t\t\t\t\t\t\t\t\t<p><strong><em>Apmok\u0117jimas<\/em><\/strong><\/p>\n<p>Prek\u0117s bus i\u0161si\u0173stos po to, kai gausime apmok\u0117jim\u0105. Yra galimyb\u0117 pasirinkti vien\u0105 i\u0161 \u0161i\u0173 mok\u0117jimo b\u016bd\u0173:<\/p>\n<ul>\n<li>Paysera;<\/li>\n<li>Swedbank;<\/li>\n<li>SEB;<\/li>\n<li>Luminor;<\/li>\n<li>Revolut;<\/li>\n<li>\u0160iauli\u0173 bankas;<\/li>\n<li>Citadele;<\/li>\n<li>Medicinos bankas;<\/li>\n<li>LKU.<\/li>\n<\/ul>\n<p><strong><em>Pristatymas<\/em><\/strong><\/p>\n<p>Siuntos siun\u010diamos naudojantis kurjeri\u0173 ir pa\u0161tomat\u0173 pagalba (DPD siunt\u0173 kompanija).<\/p>\n<p>Suteikiame galimyb\u0117 rinktis i\u0161 \u0161i\u0173 preki\u0173 pristatymo b\u016bd\u0173:<\/p>\n<ul>\n<li>U\u017esakymo pristatymas \u012f namus su DPD kurjeriu;<\/li>\n<li>U\u017esakymo pristatymas \u012f pasirinkt\u0105 DPD pa\u0161tomat\u0105.<\/li>\n<\/ul>\n<p>U\u017esakymus siun\u010diame \u012f vis\u0105 Lietuvos teritorij\u0105.<\/p>\n<p>Nemokamas pristatymas Lietuvoje (i\u0161skyrus Kur\u0161i\u0173 Nerij\u0105), perkant daugiau nei u\u017e 50 eur\u0173.<\/p>\n<p>Lietuvos teritorijoje Pardav\u0117jas pristato u\u017esakytas prekes per 2-3 darbo dienas, \u0161ven\u010di\u0173 ar ekstremali\u0173 situacij\u0173 periodu per 1-5 darbo dienas nuo gauto apmok\u0117jimo u\u017e prekes per Pirk\u0117jo pasirinkt\u0105 kurjeri\u0173 tarnyb\u0105.<\/p>\n<p>Gav\u0119s preki\u0173 siunt\u0105 Pirk\u0117jas kartu su ve\u017e\u0117ju privalo patikrinti, ar nepa\u017eeista siuntos b\u016bkl\u0117. Jeigu preki\u0173 siunta buvo pa\u017eeista, tai Pirk\u0117jas privalo pa\u017eym\u0117ti preki\u0173 perdavimo-pri\u0117mimo dokumente (va\u017etara\u0161tyje ). Pri\u0117mus prekes ir pasira\u0161ius preki\u0173 perdavimo-pri\u0117mimo dokument\u0105 (va\u017etara\u0161t\u012f) be pastab\u0173, patvirtinama, kad preki\u0173 siunta nebuvo pa\u017eeista ir tinkamai pristatyta.<\/p>\n<p><strong>Pristatymo kainos:<\/strong><\/p>\n<p>Pristatymo kaina u\u017esakant \u012f namus su DPD kurjeriu \u2013 4 EUR (su PVM).<br>Pristatymo kaina u\u017esakant \u012f DPD pa\u0161tomat\u0105 \u2013 3 EUR (su PVM).<br>Taikomi papildomi siuntimo mokes\u010diai u\u017esakant prekes \u012f Kur\u0161i\u0173 Nerij\u0105 \u2013 25 EUR (su PVM).<\/p>\t\t\t\t\t\t\t\t<\/div>\n\t\t\t\t<\/div>\n\t\t\t\t\t<\/div>\n\t\t<\/div>\n\t\t\t\t\t<\/div>\n\t\t<\/section>\n\t\t\t\t<\/div>","protected":false},"excerpt":{"rendered":"<p>Payment Items will be shipped after we receive payment. There is possibility to choose one of these payment options: Paysera; Swedbank; SEB; Luminor; Revolut; \u0160iauli\u0173 bankas; Citadele; Medicinos bankas; LKU. Shipping We send parcels with the help of couriers and pick-up points (DPD parcel company). There is possibility to choose one of these shipping options: [&hellip;]<\/p>\n","protected":false},"author":1,"featured_media":0,"parent":34,"menu_order":0,"comment_status":"closed","ping_status":"closed","template":"","meta":{"_acf_changed":false,"footnotes":""},"class_list":["post-3946","page","type-page","status-publish","hentry"],"acf":[],"_links":{"self":[{"href":"https:\/\/hendlex.lt\/lt\/wp-json\/wp\/v2\/pages\/3946","targetHints":{"allow":["GET"]}}],"collection":[{"href":"https:\/\/hendlex.lt\/lt\/wp-json\/wp\/v2\/pages"}],"about":[{"href":"https:\/\/hendlex.lt\/lt\/wp-json\/wp\/v2\/types\/page"}],"author":[{"embeddable":true,"href":"https:\/\/hendlex.lt\/lt\/wp-json\/wp\/v2\/users\/1"}],"replies":[{"embeddable":true,"href":"https:\/\/hendlex.lt\/lt\/wp-json\/wp\/v2\/comments?post=3946"}],"version-history":[{"count":15,"href":"https:\/\/hendlex.lt\/lt\/wp-json\/wp\/v2\/pages\/3946\/revisions"}],"predecessor-version":[{"id":10486,"href":"https:\/\/hendlex.lt\/lt\/wp-json\/wp\/v2\/pages\/3946\/revisions\/10486"}],"up":[{"embeddable":true,"href":"https:\/\/hendlex.lt\/lt\/wp-json\/wp\/v2\/pages\/34"}],"wp:attachment":[{"href":"https:\/\/hendlex.lt\/lt\/wp-json\/wp\/v2\/media?parent=3946"}],"curies":[{"name":"wp","href":"https:\/\/api.w.org\/{rel}","templated":true}]}}