{"id":3948,"date":"2023-01-11T06:02:46","date_gmt":"2023-01-11T06:02:46","guid":{"rendered":"https:\/\/hendlex.lt\/?page_id=3948"},"modified":"2025-07-15T15:45:29","modified_gmt":"2025-07-15T12:45:29","slug":"grazinimas-keitimas","status":"publish","type":"page","link":"https:\/\/hendlex.lt\/lt\/profilis\/grazinimas-keitimas\/","title":{"rendered":"Gr\u0105\u017einimas &amp; Keitimas"},"content":{"rendered":"<div data-elementor-type=\"wp-page\" data-elementor-id=\"3948\" class=\"elementor elementor-3948\" data-elementor-post-type=\"page\">\n\t\t\t\t\t\t<section class=\"elementor-section elementor-top-section elementor-element elementor-element-3408af83 elementor-section-boxed elementor-section-height-default elementor-section-height-default\" data-id=\"3408af83\" data-element_type=\"section\" data-e-type=\"section\">\n\t\t\t\t\t\t<div class=\"elementor-container elementor-column-gap-default\">\n\t\t\t\t\t<div class=\"elementor-column elementor-col-100 elementor-top-column elementor-element elementor-element-677f0476\" data-id=\"677f0476\" data-element_type=\"column\" data-e-type=\"column\">\n\t\t\t<div class=\"elementor-column-wrap--677f0476 elementor-widget-wrap elementor-element-populated\">\n\t\t\t\t\t\t<div class=\"elementor-element elementor-element-865d267 elementor-widget elementor-widget-text-editor\" data-id=\"865d267\" data-element_type=\"widget\" data-e-type=\"widget\" data-no-translation=\"\" data-widget_type=\"text-editor.default\">\n\t\t\t\t<div class=\"elementor-widget-container\">\n\t\t\t\t\t\t\t\t\t<ol><li>Preki\u0173 gr\u0105\u017einimas<br \/>1.1. Klientas turi teis\u0119 per 14\u00a0kalendorini\u0173 dien\u0173 nuo prek\u0117s gavimo, nenurodydamas prie\u017easties, atsisakyti prek\u0117s ir j\u0105 gr\u0105\u017einti.<\/li><\/ol><p>1.2. Prekes, kurias pirk\u0117jas nori gr\u0105\u017einti su nepa\u017eeista pakuote ir \u012frodan\u010diu pirkimo dokumentu Pardav\u0117jas pakei\u010dia arba priima atgal per\u00a014 darbo dien\u0173 nuo preki\u0173 pristatymo dienos:<\/p><p>1.1.1. MB &#8220;Nantai&#8221; biure M. Valan\u010diaus g. 11, Kaunas, Lietuva<\/p><p>1.1.2. Per DPD kurjer\u012f. Preki\u0173 pristatymo i\u0161laidos negr\u0105\u017einamos. Nepatikusias prekes Pirk\u0117jas gr\u0105\u017eina savo transportu arba apmoka gr\u0105\u017einimo i\u0161laidas.<\/p><p>1.3. Pirk\u0117jui nusprendus nutraukti sutart\u012f ir informavus apie tai Pardav\u0117j\u0105, Pirk\u0117jas praranda teis\u0119 naudotis preke nuo prane\u0161imo i\u0161siuntimo datos. Prane\u0161imo i\u0161siuntimo data ir laikas nustatomas pagal Pirk\u0117jo prane\u0161imo i\u0161siuntimo laik\u0105. Jei nustatoma, kad prek\u0117 buvo vartota (naudota) po prane\u0161imo i\u0161siuntimo, Pardav\u0117jas turi teis\u0119 atsisakyti nutraukti sutart\u012f.<\/p><p>1.4. Pirk\u0117jas gali pasinaudoti preki\u0173 gr\u0105\u017einimo teise, jeigu prek\u0117 nebuvo naudojama, originali prek\u0117s pakuot\u0117 nepa\u017eeista, nesugadinta ir nepraradusi prekin\u0117s i\u0161vaizdos. Gr\u0105\u017einamos prek\u0117s privalo b\u016bti pilnai sukomplektuotos. U\u017e piln\u0105 daikto sukomplektavim\u0105 ir supakavim\u0105 atsako Pirk\u0117jas. Jeigu prek\u0117s n\u0117ra pilnai sukomplektuotos ir tinkamai supakuotos, Pardav\u0117jas arba jo atstovas gali atsisakyti priimti gr\u0105\u017einamas prekes. Pirk\u0117jas turi pateikti originali\u0105 prek\u0117s s\u0105skait\u0105 fakt\u016br\u0105 bei u\u017epildyt\u0105 ir pasira\u0161yt\u0105 gr\u0105\u017einimo form\u0105 (d\u0117l gr\u0105\u017einimo formos kreipkit\u0117s info@hendlex.lt). Pardav\u0117jas \u012fsipareigoja gr\u0105\u017einti u\u017e prekes bei j\u0173 pristatym\u0105 pirkimo metu sumok\u0117tus pinigus per 7 darbo dienas nuo prek\u0117s gr\u0105\u017einimo dienos.<\/p><p>1.5. Jeigu \u012fsigyta prek\u0117 neatitiko kokyb\u0117s reikalavim\u0173, Pardav\u0117jas \u012fsipareigoja pakeisti netinkamos kokyb\u0117s prek\u0119 tinkamos kokyb\u0117s preke, atitinkamai suma\u017einti prek\u0117s kain\u0105 arba gr\u0105\u017einti u\u017e prekes bei j\u0173 pristatym\u0105 sumok\u0117tus pinigus per 7 darbo dienas nuo prek\u0117s gr\u0105\u017einimo dienos. Prek\u0117s turi b\u016bti gr\u0105\u017einamos originalioje prek\u0117s ir siuntos pakuot\u0117je. Taip pat Pirk\u0117jas turi pateikti originali\u0105 prek\u0117s s\u0105skait\u0105 fakt\u016br\u0105 bei u\u017epildyt\u0105 ir pasira\u0161yt\u0105 gr\u0105\u017einimo form\u0105, kurioje turi b\u016bti nurodyta preki\u0173 gr\u0105\u017einimo prie\u017eastis.<\/p><ol start=\"2\"><li>Pinig\u0173 gr\u0105\u017einimo s\u0105lygos:<\/li><\/ol><p>Kai gr\u0105\u017einimas bus atliktas atlikus i\u0161sam\u0173 kokyb\u0117s patikrinim\u0105 ir patvirtintas pinig\u0173 gr\u0105\u017einimas, per 10 darbo dien\u0173 gausite kredit\u0105, gr\u0105\u017eint\u0105 \u012f pradin\u0119 mok\u0117jimo form\u0105. Palaukite iki 14 darbo dien\u0173, kol l\u0117\u0161os bus paskelbtos paskyroje po patvirtinimo. Taikomas \u012fprastas banko apdorojimo laikas ir gali u\u017etrukti iki viso atsiskaitymo ciklo.<\/p><ul><li>Jei nuo prane\u0161imo apie pinig\u0173 gr\u0105\u017einim\u0105 i\u0161siuntimo pra\u0117jo 14 darbo dien\u0173 ir vis dar negavote pinig\u0173, susisiekite su mumis;<\/li><li>Atminkite, kad jei naudojote i\u0161ankstinio mok\u0117jimo kredito kortel\u0119, pinigai bus automati\u0161kai gr\u0105\u017einti \u012f pirmin\u0119 kortel\u0119.Jei pirkdami naudojote i\u0161ankstinio mok\u0117jimo kortel\u0119, pasilikite kortel\u0119, kol gausite pirkin\u012f;<\/li><li>Siuntimo mokes\u010diai negr\u0105\u017einami.<\/li><li>Sezoniniai papildomi mokes\u010diai negr\u0105\u017einami.<\/li><\/ul>\t\t\t\t\t\t\t\t<\/div>\n\t\t\t\t<\/div>\n\t\t\t\t<div class=\"elementor-element elementor-element-1ace27e elementor-widget elementor-widget-text-editor\" data-id=\"1ace27e\" data-element_type=\"widget\" data-e-type=\"widget\" data-no-translation=\"\" data-widget_type=\"text-editor.default\">\n\t\t\t\t<div class=\"elementor-widget-container\">\n\t\t\t\t\t<style>.elementor-element-1ace27e{display:none !important}<\/style>\t\t\t\t<\/div>\n\t\t\t\t<\/div>\n\t\t\t\t\t<\/div>\n\t\t<\/div>\n\t\t\t\t\t<\/div>\n\t\t<\/section>\n\t\t\t\t<\/div>","protected":false},"excerpt":{"rendered":"<p>Preki\u0173 gr\u0105\u017einimas1.1. Klientas turi teis\u0119 per 14\u00a0kalendorini\u0173 dien\u0173 nuo prek\u0117s gavimo, nenurodydamas prie\u017easties, atsisakyti prek\u0117s ir j\u0105 gr\u0105\u017einti. 1.2. Prekes, kurias pirk\u0117jas nori gr\u0105\u017einti su nepa\u017eeista pakuote ir \u012frodan\u010diu pirkimo dokumentu Pardav\u0117jas pakei\u010dia arba priima atgal per\u00a014 darbo dien\u0173 nuo preki\u0173 pristatymo dienos: 1.1.1. MB &#8220;Nantai&#8221; biure M. Valan\u010diaus g. 11, Kaunas, Lietuva 1.1.2. Per [&hellip;]<\/p>\n","protected":false},"author":1,"featured_media":0,"parent":36,"menu_order":0,"comment_status":"closed","ping_status":"closed","template":"","meta":{"_acf_changed":false,"footnotes":""},"class_list":["post-3948","page","type-page","status-publish","hentry"],"acf":[],"_links":{"self":[{"href":"https:\/\/hendlex.lt\/lt\/wp-json\/wp\/v2\/pages\/3948","targetHints":{"allow":["GET"]}}],"collection":[{"href":"https:\/\/hendlex.lt\/lt\/wp-json\/wp\/v2\/pages"}],"about":[{"href":"https:\/\/hendlex.lt\/lt\/wp-json\/wp\/v2\/types\/page"}],"author":[{"embeddable":true,"href":"https:\/\/hendlex.lt\/lt\/wp-json\/wp\/v2\/users\/1"}],"replies":[{"embeddable":true,"href":"https:\/\/hendlex.lt\/lt\/wp-json\/wp\/v2\/comments?post=3948"}],"version-history":[{"count":3,"href":"https:\/\/hendlex.lt\/lt\/wp-json\/wp\/v2\/pages\/3948\/revisions"}],"predecessor-version":[{"id":11110,"href":"https:\/\/hendlex.lt\/lt\/wp-json\/wp\/v2\/pages\/3948\/revisions\/11110"}],"up":[{"embeddable":true,"href":"https:\/\/hendlex.lt\/lt\/wp-json\/wp\/v2\/pages\/36"}],"wp:attachment":[{"href":"https:\/\/hendlex.lt\/lt\/wp-json\/wp\/v2\/media?parent=3948"}],"curies":[{"name":"wp","href":"https:\/\/api.w.org\/{rel}","templated":true}]}}