{"id":4190,"date":"2023-01-30T10:03:30","date_gmt":"2023-01-30T10:03:30","guid":{"rendered":"https:\/\/hendlex.lt\/?page_id=4190"},"modified":"2024-11-20T16:59:49","modified_gmt":"2024-11-20T14:59:49","slug":"salygom-ir-taisyklem","status":"publish","type":"page","link":"https:\/\/hendlex.lt\/lt\/profilis\/salygom-ir-taisyklem\/","title":{"rendered":"Terminai ir s\u0105lygos"},"content":{"rendered":"<div data-elementor-type=\"wp-page\" data-elementor-id=\"4190\" class=\"elementor elementor-4190\" data-elementor-post-type=\"page\">\n\t\t\t\t\t\t<section class=\"elementor-section elementor-top-section elementor-element elementor-element-6c713cd5 elementor-section-boxed elementor-section-height-default elementor-section-height-default\" data-id=\"6c713cd5\" data-element_type=\"section\" data-e-type=\"section\">\n\t\t\t\t\t\t<div class=\"elementor-container elementor-column-gap-default\">\n\t\t\t\t\t<div class=\"elementor-column elementor-col-100 elementor-top-column elementor-element elementor-element-a682a9d\" data-id=\"a682a9d\" data-element_type=\"column\" data-e-type=\"column\">\n\t\t\t<div class=\"elementor-column-wrap--a682a9d elementor-widget-wrap elementor-element-populated\">\n\t\t\t\t\t\t<div class=\"elementor-element elementor-element-c6b3021 elementor-widget elementor-widget-text-editor\" data-id=\"c6b3021\" data-element_type=\"widget\" data-e-type=\"widget\" data-no-translation=\"\" data-widget_type=\"text-editor.default\">\n\t\t\t\t<div class=\"elementor-widget-container\">\n\t\t\t\t\t<style>.elementor-element-c6b3021{display:none !important}<\/style>\t\t\t\t<\/div>\n\t\t\t\t<\/div>\n\t\t\t\t<div class=\"elementor-element elementor-element-f733042 elementor-widget elementor-widget-text-editor\" data-id=\"f733042\" data-element_type=\"widget\" data-e-type=\"widget\" data-no-translation=\"\" data-widget_type=\"text-editor.default\">\n\t\t\t\t<div class=\"elementor-widget-container\">\n\t\t\t\t\t\t\t\t\t<p>Prie\u0161 perkant prekes internetin\u0117je parduotuv\u0117je www.hendlex.lt, atid\u017eiai perskaitykite \u0161ias taisykles.<\/p>\n<p>Internetin\u0117s parduotuv\u0117s <a href=\"https:\/\/hendlex.lt\">www.hendlex.lt<\/a> naudojimo taisykl\u0117s<\/p>\n<ol>\n<li>Bendrosios nuostatos<br>\u0160ios pirkimo &#8211; pardavimo taisykl\u0117s (toliau \u2013 Taisykl\u0117s) nustato Pirk\u0117jo ir&nbsp;<a href=\"https:\/\/hendlex.lt\">www.hendlex.lt <\/a>(toliau \u2013 Pardav\u0117jas) tarpusavio teises, pareigas ir atsakomyb\u0119, Pirk\u0117jui \u012fsigyjant prekes el. parduotuv\u0117je.<\/li>\n<li>Pirkimo &#8211; pardavimo sutarties sudarymas<br>Pirkimo &#8211; pardavimo sutartis tarp Pirk\u0117jo ir Pardav\u0117jo laikoma sudaryta nuo to momento, kai Pirk\u0117jas, el. parduotuv\u0117je suformav\u0119s preki\u0173 krep\u0161el\u012f, nurod\u0119s pristatymo adres\u0105, pasirink\u0119s apmok\u0117jimo b\u016bd\u0105, bank\u0105, i\u0161 kurio bus vykdomas apmok\u0117jimas ir susipa\u017ein\u0119s su \u0161iomis taisykl\u0117mis, paspaud\u017eia mygtuk\u0105 \u201ePatvirtinti u\u017esakym\u0105 ir pereiti prie mok\u0117jimo\u201c. Sutartis galioja iki visi\u0161ko pagal \u0161ios sutarties taisykles pareig\u0173 \u012fvykdymo. Kiekviena sutartis, sudaryta tarp Pirk\u0117jo ir Pardav\u0117jo, yra saugoma&nbsp;<a href=\"http:\/\/www.nanotechnologijos.lt\" target=\"_blank\" rel=\"noopener\">www.hendlex.lt<\/a> el. parduotuv\u0117je.<\/li>\n<li>Pirk\u0117jo teis\u0117s ir pareigos<br>3.1. Vadovaujantis \u0161iomis Taisykl\u0117mis bei Lietuvos Respublikos teis\u0117s aktais el. parduotuv\u0117s Pirk\u0117jai yra:<br>3.1.1. veiksn\u016bs fiziniai asmenys, t.y. asmenys, sulauk\u0119 pilnametyst\u0117s, kuri\u0173 veiksnumas n\u0117ra apribotas teismo tvarka;<br>3.1.2. nepilname\u010diai nuo keturiolikos iki a\u0161tuoniolikos met\u0173 am\u017eiaus, tik tur\u0117dami t\u0117v\u0173 arba r\u016bpintoj\u0173 sutikim\u0105, i\u0161skyrus tuos atvejus, kai jie savaranki\u0161kai disponuoja savo pajamomis;<br>3.1.3. juridiniai asmenys;<br>3.1.4. vis\u0173 auk\u0161\u010diau nurodyt\u0173 asmen\u0173 \u012fgalioti atstovai.<br>3.2.&nbsp;Klientas turi teis\u0119 per 14&nbsp;kalendorini\u0173 dien\u0173 nuo prek\u0117s gavimo, nenurodydamas prie\u017easties, atsisakyti prek\u0117s ir j\u0105 gr\u0105\u017einti.<br>3.3. Pirk\u0117jas privalo priimti u\u017esakytas prekes ir sumok\u0117ti preki\u0173 bei j\u0173 pristatymo kain\u0105.<br>3.4. Jeigu pasikei\u010dia Pirk\u0117jo registracijos formoje pateikti duomenys, Pirk\u0117jas privalo nedelsdamas juos atnaujinti.<br>3.5. Pirk\u0117jo pasirinktos prek\u0117s rezervuojamos bei Pardav\u0117jas imasi vykdyti pirkimo-pardavimo sutart\u012f tik tada, kai Pardav\u0117jas gauna prane\u0161im\u0105 i\u0161 Pirk\u0117jo banko apie apmok\u0117jim\u0105 u\u017e pasirinktas prekes. Pirk\u0117jas privalo patvirtinti mok\u0117jimo pavedim\u0105 ne v\u0117liau kaip per 24 valandas nuo mygtuko \u201ePatvirtinti u\u017esakym\u0105 ir pereiti prie mok\u0117jimo\u201d paspaudimo. Per \u0161\u012f termin\u0105 mok\u0117jimo pavedimo nepatvirtinus, Pardav\u0117jas turi teis\u0119 laikyti, kad Pirk\u0117jas atsisak\u0117 pirkimo-pardavimo sutarties.<br>3.6. Nor\u0117damas gr\u0105\u017einti prek\u0119, Pirk\u0117jas turi susisiekti su Pardav\u0117ju el.pa\u0161tu:&nbsp;info@hendlex.lt. Gr\u0105\u017einamos prek\u0117s turi b\u016bti nepa\u017eeistoje originalioje gamintojo pakuot\u0117je. Gr\u0105\u017einant prek\u0119 turi b\u016bti prid\u0117tas prek\u0117s apmok\u0117jim\u0105 patvirtinantis dokumentas. Preki\u0173 gr\u0105\u017einimo i\u0161laidas apmoka Pirk\u0117jas.<br>3.7. Pirk\u0117jas privalo laikytis kit\u0173 Taisykl\u0117se bei Lietuvos Respublikos teis\u0117s aktuose nustatyt\u0173 reikalavim\u0173.<\/li>\n<\/ol>\n<ol start=\"4\">\n<li>Pardav\u0117jo teis\u0117s ir pareigos<br>4.1. Jei Pirk\u0117jas bando pakenkti el. parduotuv\u0117s darbui ar stabiliam veikimui, Pardav\u0117jas gali be i\u0161ankstinio persp\u0117jimo apriboti, sustabdyti (nutraukti) jam galimyb\u0119 naudotis elektronine parduotuve.<br>4.2. Pardav\u0117jas pasteb\u0117j\u0119s nes\u0105\u017einingus Pirk\u0117jo veiksmus, turi teis\u0119 at\u0161aukti Pirk\u0117jo pateikt\u0105 u\u017esakym\u0105 ir informuoti apie tai Pirk\u0117j\u0105. Pardav\u0117jas \u012fsipareigoja gr\u0105\u017einti Pirk\u0117jo sumok\u0117tus pinigus per 7 darbo dienas, jeigu Pirk\u0117jas atliko i\u0161ankstin\u012f apmok\u0117jim\u0105.<br>4.3. Pardav\u0117jas turi teis\u0119 laikinai arba neterminuotai nutraukti el. parduotuv\u0117s veikl\u0105 be atskiro \u012fsp\u0117jimo.<br>4.4. Pardav\u0117jas turi kitas Taisykl\u0117se ir Lietuvos Respublikos teis\u0117s aktuose numatytas teises.<br>4.5. Pardav\u0117jas turi sudaryti s\u0105lygas Pirk\u0117jui tinkamai naudotis elektronin\u0117s parduotuv\u0117s teikiamomis paslaugomis.<br>4.6. Pardav\u0117jas turi organizuoti Pirk\u0117jo u\u017esakyt\u0173 preki\u0173 pristatym\u0105 Pirk\u0117jo nurodytu adresu.<br>4.7. Pardav\u0117jas, susidarius svarbioms aplinkyb\u0117ms, negal\u0117damas Pirk\u0117jui pristatyti u\u017esakytos prek\u0117s, \u012fsipareigoja Pirk\u0117jui pasi\u016blyti analogi\u0161k\u0105 prek\u0119, o Pirk\u0117jui atsisakius priimti prek\u0117s analog\u0105, gr\u0105\u017einti Pirk\u0117jo sumok\u0117tus pinigus per 7 darbo dienas, jeigu Pirk\u0117jas atliko i\u0161ankstin\u012f apmok\u0117jim\u0105. Atsiskai\u010dius banko kortele, pinigai gr\u0105\u017einami tik \u012f kortel\u0119, i\u0161 kurios buvo atliktas mok\u0117jimas.<br>4.8.Jeigu \u012fsigyta prek\u0117 neatitiko kokyb\u0117s reikalavim\u0173, pardav\u0117jas \u012fsipareigoja pakeisti netinkamos kokyb\u0117s prek\u0119 tinkamos kokyb\u0117s preke, atitinkamai suma\u017einti prek\u0117s kain\u0105 arba gr\u0105\u017einti u\u017e prekes bei j\u0173 pristatym\u0105 sumok\u0117tus pinigus per 7 darbo&nbsp;dienas nuo pra\u0161ymo pateikimo.<br>4.9.Nutraukus sutart\u012f, Pardav\u0117jas \u012fsipareigoja gr\u0105\u017einti pinigus u\u017e gr\u0105\u017einam\u0105 tvarking\u0105 prek\u0119 per 7 darbo&nbsp;dienas.&nbsp;Atsiskai\u010dius banko kortele, pinigai gr\u0105\u017einami tik \u012f kortel\u0119, i\u0161 kurios buvo atliktas mok\u0117jimas.<\/li>\n<li>Preki\u0173 pristatymas<br>5.1. Lietuvos teritorijoje&nbsp;Pardav\u0117jas pristato u\u017esakytas prekes per 2-3 darbo dienas, \u0161ven\u010di\u0173 ar ekstremali\u0173 situacij\u0173 periodu per 1-5 darbo dienas nuo gauto apmok\u0117jimo u\u017e prekes per Pirk\u0117jo pasirinkt\u0105 kurjeri\u0173 tarnyb\u0105.<br>5.2. Gav\u0119s preki\u0173 siunt\u0105 Pirk\u0117jas kartu su ve\u017e\u0117ju privalo patikrinti, ar nepa\u017eeista siuntos b\u016bkl\u0117. Jeigu preki\u0173 siunta buvo pa\u017eeista, tai Pirk\u0117jas privalo pa\u017eym\u0117ti preki\u0173 perdavimo-pri\u0117mimo dokumente (va\u017etara\u0161tyje ). Pri\u0117mus prekes ir pasira\u0161ius preki\u0173 perdavimo-pri\u0117mimo dokument\u0105 (va\u017etara\u0161t\u012f) be pastab\u0173, patvirtinama, kad preki\u0173 siunta nebuvo pa\u017eeista ir tinkamai pristatyta.<\/li>\n<\/ol>\n<p>5.3. Preki\u0173 pristatymo kaina:<br>5.3.1. Lietuvoje preki\u0173 pristatymo kaina \u2013 4 EUR (\u012fskaitant PVM).&nbsp;U\u017esakant prekes \u012f Kur\u0161i\u0173 Nerij\u0105 gali b\u016bti taikomi papildomi pristatymo mokes\u010diai.<\/p>\n<ol start=\"6\">\n<li>Atsakomyb\u0117<br>6.1. Pirk\u0117jas atsako u\u017e registracijos formoje pateikt\u0173 duomen\u0173 teisingum\u0105. Pirk\u0117jas prisiima atsakomyb\u0119 u\u017e padarinius, kilusius d\u0117l registracijos formoje pateikt\u0173 duomen\u0173 klaidingumo ar netikslumo.<br>6.2. U\u017e pirkimo ir pardavimo sutarties, sudarytos naudojantis el. parduotuve, pa\u017eeidim\u0105 \u0161alys atsako Lietuvos Respublikos teis\u0117s akt\u0173 nustatyta tvarka.<br>6.3. Pardav\u0117jas neatsako u\u017e kit\u0173 \u012fmoni\u0173 tinklalapiuose pateikt\u0105 informacij\u0105, net jeigu Pirk\u0117jas patenka \u012f \u0161iuos tinklalapius per Pardav\u0117jo el. parduotuv\u0117je esan\u010dias nuorodas.<br>6.4. Atsiradus \u017ealai, kaltoji \u0161alis atlygina kitai \u0161aliai atsiradusius nuostolius.<\/li>\n<li>Informacijos siuntimas<br>7.1. Pardav\u0117jas visus prane\u0161imus siun\u010dia Pirk\u0117jo registracijos formoje pateiktu el. pa\u0161to adresu.<br>7.2. Pirk\u0117jas visus prane\u0161imus ir klausimus siun\u010dia Pardav\u0117jo elektronin\u0117s parduotuv\u0117s skyriuje \u201eKontaktai\u201c nurodytais adresais.<\/li>\n<li>Baigiamosios nuostatos<br>Visi nesutarimai, kil\u0119 d\u0117l \u0161i\u0173 taisykli\u0173 vykdymo, yra sprend\u017eiami deryb\u0173 keliu. Nepavykus susitarti, nesutarimai yra sprend\u017eiami LR \u012fstatym\u0173 nustatyta tvarka.<\/li>\n<\/ol>\n<p>Jei turite klausim\u0173, susitiekite su mumis elektronini\u0173 pa\u0161tu info@hendlex.lt arba skambu\u010diu +37061433330.<\/p>\n<p>A\u010di\u016b, kad esate kartu su HENDLEX!<\/p>\t\t\t\t\t\t\t\t<\/div>\n\t\t\t\t<\/div>\n\t\t\t\t\t<\/div>\n\t\t<\/div>\n\t\t\t\t\t<\/div>\n\t\t<\/section>\n\t\t\t\t<\/div>","protected":false},"excerpt":{"rendered":"<p>Before purchasing goods in the online store www.hendlex.lt, please read these rules carefully. ONLINE STORES www.hendlex.lt RULES OF USE 1. General provisionsThese purchase and sale rules (hereinafter referred to as the Rules) establish the mutual rights, obligations, and responsibilities of the Buyer and www.hendlex.lt (hereinafter &#8211; the Seller) when the Buyer purchases goods from the [&hellip;]<\/p>\n","protected":false},"author":1,"featured_media":0,"parent":36,"menu_order":0,"comment_status":"closed","ping_status":"closed","template":"","meta":{"_acf_changed":false,"footnotes":""},"class_list":["post-4190","page","type-page","status-publish","hentry"],"acf":[],"_links":{"self":[{"href":"https:\/\/hendlex.lt\/lt\/wp-json\/wp\/v2\/pages\/4190","targetHints":{"allow":["GET"]}}],"collection":[{"href":"https:\/\/hendlex.lt\/lt\/wp-json\/wp\/v2\/pages"}],"about":[{"href":"https:\/\/hendlex.lt\/lt\/wp-json\/wp\/v2\/types\/page"}],"author":[{"embeddable":true,"href":"https:\/\/hendlex.lt\/lt\/wp-json\/wp\/v2\/users\/1"}],"replies":[{"embeddable":true,"href":"https:\/\/hendlex.lt\/lt\/wp-json\/wp\/v2\/comments?post=4190"}],"version-history":[{"count":12,"href":"https:\/\/hendlex.lt\/lt\/wp-json\/wp\/v2\/pages\/4190\/revisions"}],"predecessor-version":[{"id":10483,"href":"https:\/\/hendlex.lt\/lt\/wp-json\/wp\/v2\/pages\/4190\/revisions\/10483"}],"up":[{"embeddable":true,"href":"https:\/\/hendlex.lt\/lt\/wp-json\/wp\/v2\/pages\/36"}],"wp:attachment":[{"href":"https:\/\/hendlex.lt\/lt\/wp-json\/wp\/v2\/media?parent=4190"}],"curies":[{"name":"wp","href":"https:\/\/api.w.org\/{rel}","templated":true}]}}