{"id":9829,"date":"2023-05-03T11:12:54","date_gmt":"2023-05-03T11:12:54","guid":{"rendered":"https:\/\/hendlex.lt\/?page_id=9829"},"modified":"2024-05-21T19:46:16","modified_gmt":"2024-05-21T16:46:16","slug":"es-projektai","status":"publish","type":"page","link":"https:\/\/hendlex.lt\/lt\/apie-mus\/es-projektai\/","title":{"rendered":"ES PROJEKTAI"},"content":{"rendered":"<p><img fetchpriority=\"high\" decoding=\"async\" class=\"alignnone wp-image-9984 size-full\" src=\"https:\/\/hendlex.lt\/wp-content\/uploads\/2023\/09\/Be-pavadinimo-1.jpg\" alt=\"\" width=\"1145\" height=\"757\" title=\"\" srcset=\"https:\/\/hendlex.lt\/wp-content\/uploads\/2023\/09\/Be-pavadinimo-1.jpg 1145w, https:\/\/hendlex.lt\/wp-content\/uploads\/2023\/09\/Be-pavadinimo-1-300x198.jpg 300w, https:\/\/hendlex.lt\/wp-content\/uploads\/2023\/09\/Be-pavadinimo-1-1024x677.jpg 1024w, https:\/\/hendlex.lt\/wp-content\/uploads\/2023\/09\/Be-pavadinimo-1-768x508.jpg 768w, https:\/\/hendlex.lt\/wp-content\/uploads\/2023\/09\/Be-pavadinimo-1-18x12.jpg 18w, https:\/\/hendlex.lt\/wp-content\/uploads\/2023\/09\/Be-pavadinimo-1-600x397.jpg 600w, https:\/\/hendlex.lt\/wp-content\/uploads\/2023\/09\/Be-pavadinimo-1-480x317.jpg 480w, https:\/\/hendlex.lt\/wp-content\/uploads\/2023\/09\/Be-pavadinimo-1-240x159.jpg 240w\" sizes=\"(max-width: 1145px) 100vw, 1145px\" \/><\/p>\n<p><strong><span class=\"HwtZe\" lang=\"en\"><span class=\"jCAhz ChMk0b\"><span class=\"ryNqvb\">Aplinkai palankaus produkto prototipo k\u016brimas UAB \u201eBaltic Nano Technologies\u201c \u012fmon\u0117je<\/span><\/span> <\/span><\/strong><\/p>\n<p><span class=\"HwtZe\" lang=\"en\"><span class=\"jCAhz ChMk0b\"><span class=\"ryNqvb\">Naujasis kuriamas produktas - aplinkai palanki vienkomponent\u0117 vandenin\u0117 poliuretanin\u0117 danga, skirta toki\u0173 pavir\u0161i\u0173 apsaugai, kaip mediena ir jos gaminiai.<\/span><\/span> <span class=\"jCAhz ChMk0b\"><span class=\"ryNqvb\">Pagrindin\u0117 ir esmin\u0117 numatomos tokio produkto savyb\u0117 yra hidrofobi\u0161kumas, kur\u012f galima paai\u0161kinti kaip nepolini\u0173 molekuli\u0173 polink\u012f formuoti agregatus, siekiant suma\u017einti j\u0173 s\u0105ly\u010dio su polin\u0117mis molekul\u0117mis, tokiomis kaip vanduo, pavir\u0161i\u0173.<\/span><\/span><br \/>\n<\/span><\/p>\n<p><span class=\"HwtZe\" lang=\"en\"><span class=\"jCAhz ChMk0b\"><span class=\"ryNqvb\"><strong>Projekto prad\u017eia:<\/strong> 2023<\/span><\/span> <span class=\"jCAhz ChMk0b\"><span class=\"ryNqvb\">liepos m\u0117n.<\/span><\/span><br \/>\n<span class=\"jCAhz ChMk0b\"><span class=\"ryNqvb\"><strong>Projekto pabaiga:<\/strong> 2024<\/span><\/span> <span class=\"jCAhz ChMk0b\"><span class=\"ryNqvb\">liepos m\u0117n.<\/span><\/span><br \/>\n<span class=\"jCAhz ChMk0b\"><span class=\"ryNqvb\"><strong>Projekto vert\u0117<\/strong> - 71299 EUR<\/span><\/span><br \/>\n<span class=\"jCAhz ChMk0b\"><span class=\"ryNqvb\"><strong>ES finansavimas:<\/strong> 49909<\/span><\/span> <span class=\"jCAhz ChMk0b\"><span class=\"ryNqvb\">EUR<\/span><\/span><\/span><\/p>\n<p><em><span class=\"jCAhz ChMk0b\"><span class=\"ryNqvb\">Projektas finansuojamas Ekonomikos gaivinimo ir atsparumo didinimo plano \u201eNaujos kartos Lietuva l\u0117\u0161omis\u201c.<\/span><\/span><\/em><\/p>\n<p>Finansuojama i\u0161 Europos regionin\u0117s pl\u0117tros fondo, kaip Europos S\u0105jungos atsako \u012f COVID-19 pandemij\u0105 priemon\u0117<\/p>\n<p><strong>Hendlex E-komercijos modeli\u0173 diegimas<\/strong><\/p>\n<p>UAB \u201eBaltic Nano Technologies\u201d \u012fgyvendino projekt\u0105 Hendlex E-komercijos modeli\u0173 diegimas pagal 2014\u20132020 met\u0173 Europos S\u0105jungos fond\u0173 investicij\u0173 veiksm\u0173 programos 13 prioriteto \u201eVeiksm\u0173, skirt\u0173 COVID-19 pandemijos sukeltai krizei \u012fveikti, skatinimas ir pasirengimas aplink\u0105 tausojan\u010diam, skaitmeniniam ir tvariam ekonomikos atgaivinimui\u201c.<\/p>\n<p>Projekto tikslas \u2013 Informacini\u0173 technologij\u0173 diegimas siekiant padidinti \u012fmon\u0117s pajam\u0173 augim\u0105.<\/p>\n<p>Projekto bendra vert\u0117 \u2013 66 666,00 EUR 75 proc. visos projekto vert\u0117s finansuojama i\u0161 Europos regionin\u0117s pl\u0117tros fondo.<\/p>\n<p>Planuojama projekto pabaiga \u2013 2023-03-25<\/p>","protected":false},"excerpt":{"rendered":"<p>Development of an environmentally friendly product prototype at JSC &#8220;Baltic Nano Technologies&#8221; company The new product being developed is an environmentally friendly one-component aqueous polyurethane coating intended for the protection of surfaces such as wood and its products. The main and essential property of such a product is expected to be hydrophobicity, which can be [&hellip;]<\/p>\n","protected":false},"author":1,"featured_media":0,"parent":26,"menu_order":0,"comment_status":"closed","ping_status":"closed","template":"","meta":{"_acf_changed":false,"footnotes":""},"class_list":["post-9829","page","type-page","status-publish","hentry"],"acf":[],"_links":{"self":[{"href":"https:\/\/hendlex.lt\/lt\/wp-json\/wp\/v2\/pages\/9829","targetHints":{"allow":["GET"]}}],"collection":[{"href":"https:\/\/hendlex.lt\/lt\/wp-json\/wp\/v2\/pages"}],"about":[{"href":"https:\/\/hendlex.lt\/lt\/wp-json\/wp\/v2\/types\/page"}],"author":[{"embeddable":true,"href":"https:\/\/hendlex.lt\/lt\/wp-json\/wp\/v2\/users\/1"}],"replies":[{"embeddable":true,"href":"https:\/\/hendlex.lt\/lt\/wp-json\/wp\/v2\/comments?post=9829"}],"version-history":[{"count":1,"href":"https:\/\/hendlex.lt\/lt\/wp-json\/wp\/v2\/pages\/9829\/revisions"}],"predecessor-version":[{"id":9985,"href":"https:\/\/hendlex.lt\/lt\/wp-json\/wp\/v2\/pages\/9829\/revisions\/9985"}],"up":[{"embeddable":true,"href":"https:\/\/hendlex.lt\/lt\/wp-json\/wp\/v2\/pages\/26"}],"wp:attachment":[{"href":"https:\/\/hendlex.lt\/lt\/wp-json\/wp\/v2\/media?parent=9829"}],"curies":[{"name":"wp","href":"https:\/\/api.w.org\/{rel}","templated":true}]}}