{"id":11205,"date":"2025-11-07T23:15:30","date_gmt":"2025-11-07T21:15:30","guid":{"rendered":"https:\/\/hendlex.lt\/?post_type=product&#038;p=11205"},"modified":"2025-11-09T13:29:42","modified_gmt":"2025-11-09T11:29:42","slug":"car-interior-care-kit","status":"publish","type":"product","link":"https:\/\/hendlex.lt\/lt\/produktas\/car-interior-care-kit\/","title":{"rendered":"AUTOMOBILI\u0172 VIDAUS PRIE\u017dI\u016aROS RINKINYS"},"content":{"rendered":"<div data-elementor-type=\"product-post\" data-elementor-id=\"11205\" class=\"elementor elementor-11205\" data-elementor-post-type=\"product\">\n\t\t\t\t\t\t<section class=\"rey-lazyBg elementor-section elementor-top-section elementor-element elementor-element-f1abc26 rey-section-stretched rey-section-bg--classic --zindexed-2 elementor-section-boxed elementor-section-height-default elementor-section-height-default\" data-id=\"f1abc26\" data-element_type=\"section\" data-e-type=\"section\" data-settings=\"{&quot;background_background&quot;:&quot;classic&quot;}\">\n\t\t\t\t\t\t<div class=\"elementor-container elementor-column-gap-default\">\n\t\t\t\t\t<div class=\"elementor-column elementor-col-100 elementor-top-column elementor-element elementor-element-1a2cd41\" data-id=\"1a2cd41\" data-element_type=\"column\" data-e-type=\"column\">\n\t\t\t<div class=\"elementor-column-wrap--1a2cd41 elementor-widget-wrap elementor-element-populated\">\n\t\t\t\t\t\t<section class=\"elementor-section elementor-inner-section elementor-element elementor-element-a008ba9 elementor-section-boxed elementor-section-height-default elementor-section-height-default\" data-id=\"a008ba9\" data-element_type=\"section\" data-e-type=\"section\">\n\t\t\t\t\t\t<div class=\"elementor-container elementor-column-gap-default\">\n\t\t\t\t\t<div class=\"elementor-column elementor-col-50 elementor-inner-column elementor-element elementor-element-69ff09a\" data-id=\"69ff09a\" data-element_type=\"column\" data-e-type=\"column\">\n\t\t\t<div class=\"elementor-column-wrap--69ff09a elementor-widget-wrap elementor-element-populated\">\n\t\t\t\t\t\t<div class=\"elementor-element elementor-element-0316219 elementor-widget elementor-widget-heading\" data-id=\"0316219\" data-element_type=\"widget\" data-e-type=\"widget\" data-widget_type=\"heading.default\">\n\t\t\t\t<div class=\"elementor-widget-container\">\n\t\t\t\t\t<h2 class=\"elementor-heading-title elementor-size-default\">PLASTIC RENEWER SET \u2013 PLASTIKINI\u0172 DETALI\u0172 VALIKLIS\/ATNAUJINTOJAS<\/h2>\t\t\t\t<\/div>\n\t\t\t\t<\/div>\n\t\t\t\t\t<\/div>\n\t\t<\/div>\n\t\t\t\t<div class=\"elementor-column elementor-col-50 elementor-inner-column elementor-element elementor-element-3f0284a\" data-id=\"3f0284a\" data-element_type=\"column\" data-e-type=\"column\">\n\t\t\t<div class=\"elementor-column-wrap--3f0284a elementor-widget-wrap elementor-element-populated\">\n\t\t\t\t\t\t<div class=\"elementor-element elementor-element-4eda8ae elementor-widget elementor-widget-text-editor\" data-id=\"4eda8ae\" data-element_type=\"widget\" data-e-type=\"widget\" data-widget_type=\"text-editor.default\">\n\t\t\t\t<div class=\"elementor-widget-container\">\n\t\t\t\t\t\t\t\t\t<p>Produktas skirtas automobilio salono plastikinei apdailai valyti ir atnaujinti. Nuvalo dulkes ir purv\u0105, atnaujina ir pary\u0161kina plastiko spalv\u0105, apsaugo pavir\u0161i\u0173 nuo UV spinduli\u0173, netraukia dulki\u0173. Priemon\u0117 gali b\u016bti naudojama plastiko ir vinilo salono apdailai valyti ar atnaujinti. Produktas pagamintas vandens pagrindu ir yra bekvapis.<\/p><p>200\u00a0ml.<\/p>\t\t\t\t\t\t\t\t<\/div>\n\t\t\t\t<\/div>\n\t\t\t\t\t<\/div>\n\t\t<\/div>\n\t\t\t\t\t<\/div>\n\t\t<\/section>\n\t\t\t\t<section class=\"elementor-section elementor-inner-section elementor-element elementor-element-a259e3a elementor-section-boxed elementor-section-height-default elementor-section-height-default\" data-id=\"a259e3a\" data-element_type=\"section\" data-e-type=\"section\">\n\t\t\t\t\t\t<div class=\"elementor-container elementor-column-gap-default\">\n\t\t\t\t\t<div class=\"elementor-column elementor-col-50 elementor-inner-column elementor-element elementor-element-578ccd7\" data-id=\"578ccd7\" data-element_type=\"column\" data-e-type=\"column\">\n\t\t\t<div class=\"elementor-column-wrap--578ccd7 elementor-widget-wrap elementor-element-populated\">\n\t\t\t\t\t\t<div class=\"elementor-element elementor-element-5a85015 elementor-widget elementor-widget-heading\" data-id=\"5a85015\" data-element_type=\"widget\" data-e-type=\"widget\" data-widget_type=\"heading.default\">\n\t\t\t\t<div class=\"elementor-widget-container\">\n\t\t\t\t\t<h2 class=\"elementor-heading-title elementor-size-default\">TEXTILE PRO \u2013 TEKSTIL\u0116S IMPREGNANTAS<\/h2>\t\t\t\t<\/div>\n\t\t\t\t<\/div>\n\t\t\t\t\t<\/div>\n\t\t<\/div>\n\t\t\t\t<div class=\"elementor-column elementor-col-50 elementor-inner-column elementor-element elementor-element-8c4a030\" data-id=\"8c4a030\" data-element_type=\"column\" data-e-type=\"column\">\n\t\t\t<div class=\"elementor-column-wrap--8c4a030 elementor-widget-wrap elementor-element-populated\">\n\t\t\t\t\t\t<div class=\"elementor-element elementor-element-1ec5b39 elementor-widget elementor-widget-text-editor\" data-id=\"1ec5b39\" data-element_type=\"widget\" data-e-type=\"widget\" data-widget_type=\"text-editor.default\">\n\t\t\t\t<div class=\"elementor-widget-container\">\n\t\t\t\t\t\t\t\t\t<p>Nano danga sintetiniams audiniams Hendlex Textile Pro suteikia atsparum\u0105 vandeniui ir kitiems skys\u010diams. Danga apsaugo pavir\u0161ius nuo dr\u0117gm\u0117s ir d\u0117mi\u0173. \u0160i priemon\u0117s skirta naudoti ant sintetini\u0173 automobili\u0173 audini\u0173, toki\u0173 kaip: kilimai, s\u0117dyn\u0117s, kilim\u0117liai, automobilin\u0117s k\u0117dut\u0117s vaikams. Nors nano danga suteikia apsaug\u0105 nuo vandens ir kit\u0173 skys\u010di\u0173, ta\u010diau kartu leid\u017eia pavir\u0161iui i\u0161likti laid\u017eiam orui.<\/p><p>200 ml.<\/p>\t\t\t\t\t\t\t\t<\/div>\n\t\t\t\t<\/div>\n\t\t\t\t\t<\/div>\n\t\t<\/div>\n\t\t\t\t\t<\/div>\n\t\t<\/section>\n\t\t\t\t<section class=\"elementor-section elementor-inner-section elementor-element elementor-element-8161282 elementor-section-boxed elementor-section-height-default elementor-section-height-default\" data-id=\"8161282\" data-element_type=\"section\" data-e-type=\"section\">\n\t\t\t\t\t\t<div class=\"elementor-container elementor-column-gap-default\">\n\t\t\t\t\t<div class=\"elementor-column elementor-col-50 elementor-inner-column elementor-element elementor-element-3ea0ab4\" data-id=\"3ea0ab4\" data-element_type=\"column\" data-e-type=\"column\">\n\t\t\t<div class=\"elementor-column-wrap--3ea0ab4 elementor-widget-wrap elementor-element-populated\">\n\t\t\t\t\t\t<div class=\"elementor-element elementor-element-65b6c5b elementor-widget elementor-widget-heading\" data-id=\"65b6c5b\" data-element_type=\"widget\" data-e-type=\"widget\" data-widget_type=\"heading.default\">\n\t\t\t\t<div class=\"elementor-widget-container\">\n\t\t\t\t\t<h2 class=\"elementor-heading-title elementor-size-default\">LEATHER MATTE \u2013 MATIN\u0116S ODO IMPREGNANTAS<\/h2>\t\t\t\t<\/div>\n\t\t\t\t<\/div>\n\t\t\t\t\t<\/div>\n\t\t<\/div>\n\t\t\t\t<div class=\"elementor-column elementor-col-50 elementor-inner-column elementor-element elementor-element-3b93e4c\" data-id=\"3b93e4c\" data-element_type=\"column\" data-e-type=\"column\">\n\t\t\t<div class=\"elementor-column-wrap--3b93e4c elementor-widget-wrap elementor-element-populated\">\n\t\t\t\t\t\t<div class=\"elementor-element elementor-element-5bce960 elementor-widget elementor-widget-text-editor\" data-id=\"5bce960\" data-element_type=\"widget\" data-e-type=\"widget\" data-widget_type=\"text-editor.default\">\n\t\t\t\t<div class=\"elementor-widget-container\">\n\t\t\t\t\t\t\t\t\t<p>Danga odai LEATHER AUTO \u2013 tai ilgalaik\u0117 nano danga, veikianti iki 12 m\u0117nesi\u0173. Danga nat\u016braliai pary\u0161kina odos spalv\u0105, nesuteikdama jai blizgesio. Purvas ir riebalai nusivalo nepalikdami joki\u0173 \u017eymi\u0173 ant pavir\u0161iaus. Produktas pagamintas vandens pagrindu ir yra bekvapis.<\/p><p>100 ml.<\/p>\t\t\t\t\t\t\t\t<\/div>\n\t\t\t\t<\/div>\n\t\t\t\t\t<\/div>\n\t\t<\/div>\n\t\t\t\t\t<\/div>\n\t\t<\/section>\n\t\t\t\t\t<\/div>\n\t\t<\/div>\n\t\t\t\t\t<\/div>\n\t\t<\/section>\n\t\t\t\t<\/div>","protected":false},"excerpt":{"rendered":"<p>PLASTIC RENEWER SET \u2013 PLASTIC PARTS CLEANER\/RESTORER A product designed for cleaning and restoring a car\u2019s interior plastic trim. It removes dust and dirt, revitalizes and enhances the color of the plastic, and protects the surface from UV rays while preventing dust accumulation. The product can be used to clean or refresh plastic and vinyl [&hellip;]<\/p>\n","protected":false},"featured_media":11230,"template":"","meta":{"_acf_changed":false},"product_cat":[164],"product_tag":[],"class_list":{"0":"post-11205","1":"product","2":"type-product","3":"status-publish","4":"has-post-thumbnail","6":"product_cat-offers-1","7":"product_shipping_class-free-shipping","9":"first","10":"instock","11":"sale","12":"taxable","13":"shipping-taxable","14":"purchasable","15":"product-type-woosb","swatches":"rey-swatches","show_selected":""},"acf":[],"_links":{"self":[{"href":"https:\/\/hendlex.lt\/lt\/wp-json\/wp\/v2\/product\/11205","targetHints":{"allow":["GET"]}}],"collection":[{"href":"https:\/\/hendlex.lt\/lt\/wp-json\/wp\/v2\/product"}],"about":[{"href":"https:\/\/hendlex.lt\/lt\/wp-json\/wp\/v2\/types\/product"}],"version-history":[{"count":5,"href":"https:\/\/hendlex.lt\/lt\/wp-json\/wp\/v2\/product\/11205\/revisions"}],"predecessor-version":[{"id":11233,"href":"https:\/\/hendlex.lt\/lt\/wp-json\/wp\/v2\/product\/11205\/revisions\/11233"}],"wp:featuredmedia":[{"embeddable":true,"href":"https:\/\/hendlex.lt\/lt\/wp-json\/wp\/v2\/media\/11230"}],"wp:attachment":[{"href":"https:\/\/hendlex.lt\/lt\/wp-json\/wp\/v2\/media?parent=11205"}],"wp:term":[{"taxonomy":"product_cat","embeddable":true,"href":"https:\/\/hendlex.lt\/lt\/wp-json\/wp\/v2\/product_cat?post=11205"},{"taxonomy":"product_tag","embeddable":true,"href":"https:\/\/hendlex.lt\/lt\/wp-json\/wp\/v2\/product_tag?post=11205"}],"curies":[{"name":"wp","href":"https:\/\/api.w.org\/{rel}","templated":true}]}}