{"id":11210,"date":"2025-11-07T23:25:16","date_gmt":"2025-11-07T21:25:16","guid":{"rendered":"https:\/\/hendlex.lt\/?post_type=product&#038;p=11210"},"modified":"2025-11-09T13:29:42","modified_gmt":"2025-11-09T11:29:42","slug":"auto-pro-kit","status":"publish","type":"product","link":"https:\/\/hendlex.lt\/lt\/produktas\/auto-pro-kit\/","title":{"rendered":"AUTO PRO RINKINYS"},"content":{"rendered":"<div data-elementor-type=\"product-post\" data-elementor-id=\"11210\" class=\"elementor elementor-11210\" data-elementor-post-type=\"product\">\n\t\t\t\t\t\t<section class=\"rey-lazyBg elementor-section elementor-top-section elementor-element elementor-element-f1abc26 rey-section-stretched rey-section-bg--classic --zindexed-2 elementor-section-boxed elementor-section-height-default elementor-section-height-default\" data-id=\"f1abc26\" data-element_type=\"section\" data-e-type=\"section\" data-settings=\"{&quot;background_background&quot;:&quot;classic&quot;}\">\n\t\t\t\t\t\t<div class=\"elementor-container elementor-column-gap-default\">\n\t\t\t\t\t<div class=\"elementor-column elementor-col-100 elementor-top-column elementor-element elementor-element-1a2cd41\" data-id=\"1a2cd41\" data-element_type=\"column\" data-e-type=\"column\">\n\t\t\t<div class=\"elementor-column-wrap--1a2cd41 elementor-widget-wrap elementor-element-populated\">\n\t\t\t\t\t\t<section class=\"elementor-section elementor-inner-section elementor-element elementor-element-a008ba9 elementor-section-boxed elementor-section-height-default elementor-section-height-default\" data-id=\"a008ba9\" data-element_type=\"section\" data-e-type=\"section\">\n\t\t\t\t\t\t<div class=\"elementor-container elementor-column-gap-default\">\n\t\t\t\t\t<div class=\"elementor-column elementor-col-50 elementor-inner-column elementor-element elementor-element-69ff09a\" data-id=\"69ff09a\" data-element_type=\"column\" data-e-type=\"column\">\n\t\t\t<div class=\"elementor-column-wrap--69ff09a elementor-widget-wrap elementor-element-populated\">\n\t\t\t\t\t\t<div class=\"elementor-element elementor-element-0316219 elementor-widget elementor-widget-heading\" data-id=\"0316219\" data-element_type=\"widget\" data-e-type=\"widget\" data-widget_type=\"heading.default\">\n\t\t\t\t<div class=\"elementor-widget-container\">\n\t\t\t\t\t<h2 class=\"elementor-heading-title elementor-size-default\">PUR\u0160KIAMA KERAMIKA DC6<\/h2>\t\t\t\t<\/div>\n\t\t\t\t<\/div>\n\t\t\t\t\t<\/div>\n\t\t<\/div>\n\t\t\t\t<div class=\"elementor-column elementor-col-50 elementor-inner-column elementor-element elementor-element-3f0284a\" data-id=\"3f0284a\" data-element_type=\"column\" data-e-type=\"column\">\n\t\t\t<div class=\"elementor-column-wrap--3f0284a elementor-widget-wrap elementor-element-populated\">\n\t\t\t\t\t\t<div class=\"elementor-element elementor-element-4eda8ae elementor-widget elementor-widget-text-editor\" data-id=\"4eda8ae\" data-element_type=\"widget\" data-e-type=\"widget\" data-widget_type=\"text-editor.default\">\n\t\t\t\t<div class=\"elementor-widget-container\">\n\t\t\t\t\t\t\t\t\t<p class=\"translation-block\"><p>Hendlex DC60 yra m\u016bs\u0173 auk&scaron;\u010diausios kokyb\u0117s pur&scaron;kiama keramikos danga skirta transporto priemon\u0117s k\u0117bului. &Scaron;i danga suteikia k\u0117bului atsparum\u0105 chemin\u0117ms med\u017eiagoms bei neleid\u017eia purvui stipriai prikibti prie pavir&scaron;iaus. D\u0117l didelio pasiprie&scaron;inimo i&scaron;or\u0117s veiksniams, automobilis ilgiau atrodo lyg b\u016bt\u0173 naujas.<\/p>\n<p>Svarbi nano dang\u0173 suteikiama savyb\u0117 padengtam pavir&scaron;iui yra ta, kad nereikia da\u017enai plauti automobilio, nes dulk\u0117s ir purvas tvirtai neprilimpa prie automobilio k\u0117bulo. Tuomet lyjant lietui, la&scaron;ai ried\u0117dami per kebul\u0105, kartu su savimi surenka dulkes bei purv\u0105 ir pasi&scaron;alina nuo k\u0117bulo, tokiu b\u016bdu automobilis ilgiau i&scaron;lieka &scaron;varus. Hendlex DC60 dang\u0105 lengva naudoti, tod\u0117l &scaron;i\u0105 danga gali dengti pavir&scaron;ius tiek m\u0117g\u0117jai, tiek profesionalai. Danga atnaujina automobilio k\u0117bulo spalv\u0105 ir suteikia jam blizgesio. SUPAKUOTA NAUDOJANT INERTINES DUJAS. Garantuojamas 100% efektyvumas.<\/p><\/p><p>60 ml.<\/p>\t\t\t\t\t\t\t\t<\/div>\n\t\t\t\t<\/div>\n\t\t\t\t\t<\/div>\n\t\t<\/div>\n\t\t\t\t\t<\/div>\n\t\t<\/section>\n\t\t\t\t<section class=\"elementor-section elementor-inner-section elementor-element elementor-element-a259e3a elementor-section-boxed elementor-section-height-default elementor-section-height-default\" data-id=\"a259e3a\" data-element_type=\"section\" data-e-type=\"section\">\n\t\t\t\t\t\t<div class=\"elementor-container elementor-column-gap-default\">\n\t\t\t\t\t<div class=\"elementor-column elementor-col-50 elementor-inner-column elementor-element elementor-element-578ccd7\" data-id=\"578ccd7\" data-element_type=\"column\" data-e-type=\"column\">\n\t\t\t<div class=\"elementor-column-wrap--578ccd7 elementor-widget-wrap elementor-element-populated\">\n\t\t\t\t\t\t<div class=\"elementor-element elementor-element-5a85015 elementor-widget elementor-widget-heading\" data-id=\"5a85015\" data-element_type=\"widget\" data-e-type=\"widget\" data-widget_type=\"heading.default\">\n\t\t\t\t<div class=\"elementor-widget-container\">\n\t\t\t\t\t<h2 class=\"elementor-heading-title elementor-size-default\">GLASS XTREME \u2013 NANO DANGA AUTOMOBILIO STIKLAM<\/h2>\t\t\t\t<\/div>\n\t\t\t\t<\/div>\n\t\t\t\t\t<\/div>\n\t\t<\/div>\n\t\t\t\t<div class=\"elementor-column elementor-col-50 elementor-inner-column elementor-element elementor-element-8c4a030\" data-id=\"8c4a030\" data-element_type=\"column\" data-e-type=\"column\">\n\t\t\t<div class=\"elementor-column-wrap--8c4a030 elementor-widget-wrap elementor-element-populated\">\n\t\t\t\t\t\t<div class=\"elementor-element elementor-element-1ec5b39 elementor-widget elementor-widget-text-editor\" data-id=\"1ec5b39\" data-element_type=\"widget\" data-e-type=\"widget\" data-widget_type=\"text-editor.default\">\n\t\t\t\t<div class=\"elementor-widget-container\">\n\t\t\t\t\t\t\t\t\t<p>Ypa\u010d veiksminga nano danga transporto priemoni\u0173 stiklams, suformuojanti ypatingai patvar\u0173\napsaugin\u012f sluoksn\u012f. Padengtas pavir\u0161ius atstumia vanden\u012f, pagerinant matomum\u0105 lyjant,\nva\u017eiuojant didesniu nei 50 km\/h grei\u010diu, valytuvai neb\u016btini \u2013 lietaus la\u0161ai tiesiog nurieda.\nDanga neleid\u017eia dulk\u0117ms, ne\u0161varumams, vabzd\u017eiams, ledui ir kitiems ter\u0161alams prikibti prie\npavir\u0161iaus, taip u\u017etikrinant lengv\u0105 automobilio prie\u017ei\u016br\u0105<\/p><p>50 ml.<\/p>\t\t\t\t\t\t\t\t<\/div>\n\t\t\t\t<\/div>\n\t\t\t\t\t<\/div>\n\t\t<\/div>\n\t\t\t\t\t<\/div>\n\t\t<\/section>\n\t\t\t\t<section class=\"elementor-section elementor-inner-section elementor-element elementor-element-24986e6 elementor-section-boxed elementor-section-height-default elementor-section-height-default\" data-id=\"24986e6\" data-element_type=\"section\" data-e-type=\"section\">\n\t\t\t\t\t\t<div class=\"elementor-container elementor-column-gap-default\">\n\t\t\t\t\t<div class=\"elementor-column elementor-col-50 elementor-inner-column elementor-element elementor-element-54b3665\" data-id=\"54b3665\" data-element_type=\"column\" data-e-type=\"column\">\n\t\t\t<div class=\"elementor-column-wrap--54b3665 elementor-widget-wrap elementor-element-populated\">\n\t\t\t\t\t\t<div class=\"elementor-element elementor-element-613d7c2 elementor-widget elementor-widget-heading\" data-id=\"613d7c2\" data-element_type=\"widget\" data-e-type=\"widget\" data-widget_type=\"heading.default\">\n\t\t\t\t<div class=\"elementor-widget-container\">\n\t\t\t\t\t<h2 class=\"elementor-heading-title elementor-size-default\">DRYING TOWEL \u2013 SAUSINIMO \u0160LUOST\u0116<\/h2>\t\t\t\t<\/div>\n\t\t\t\t<\/div>\n\t\t\t\t\t<\/div>\n\t\t<\/div>\n\t\t\t\t<div class=\"elementor-column elementor-col-50 elementor-inner-column elementor-element elementor-element-85d0396\" data-id=\"85d0396\" data-element_type=\"column\" data-e-type=\"column\">\n\t\t\t<div class=\"elementor-column-wrap--85d0396 elementor-widget-wrap elementor-element-populated\">\n\t\t\t\t\t\t<div class=\"elementor-element elementor-element-bd3bc0b elementor-widget elementor-widget-text-editor\" data-id=\"bd3bc0b\" data-element_type=\"widget\" data-e-type=\"widget\" data-widget_type=\"text-editor.default\">\n\t\t\t\t<div class=\"elementor-widget-container\">\n\t\t\t\t\t\t\t\t\t<p>DT1300 d\u017eiovinimo rank\u0161luostis \u2013 tai itin efektyvi priemon\u0117 dideli\u0173 pavir\u0161i\u0173 d\u017eiovinimui.\nSpecialiai sukurtas intensyviam naudojimui automobili\u0173, sunkve\u017eimi\u0173 ir kit\u0173 transporto\npriemoni\u0173 prie\u017ei\u016broje, \u0161is rank\u0161luostis, turintis 1300GSM tank\u012f ir auk\u0161tos kokyb\u0117s med\u017eiag\u0105,\nu\u017etikrina maksimal\u0173 vandens sug\u0117rim\u0105 bei \u0161veln\u0173 pavir\u0161i\u0173 valym\u0105. D\u0117l unikalios dvigubo\nsluoksnio strukt\u016bros jis efektyviai pa\u0161alina vandens la\u0161us, nepalikdamas d\u0117mi\u0173 ar dry\u017ei\u0173.\nRekomenduojama naudoti be papildom\u0173 chemikal\u0173, kad b\u016bt\u0173 i\u0161laikytas ilgaam\u017ei\u0161kumas ir\noptimalus veikimas.<\/p>\t\t\t\t\t\t\t\t<\/div>\n\t\t\t\t<\/div>\n\t\t\t\t\t<\/div>\n\t\t<\/div>\n\t\t\t\t\t<\/div>\n\t\t<\/section>\n\t\t\t\t<section class=\"elementor-section elementor-inner-section elementor-element elementor-element-8161282 elementor-section-boxed elementor-section-height-default elementor-section-height-default\" data-id=\"8161282\" data-element_type=\"section\" data-e-type=\"section\">\n\t\t\t\t\t\t<div class=\"elementor-container elementor-column-gap-default\">\n\t\t\t\t\t<div class=\"elementor-column elementor-col-50 elementor-inner-column elementor-element elementor-element-3ea0ab4\" data-id=\"3ea0ab4\" data-element_type=\"column\" data-e-type=\"column\">\n\t\t\t<div class=\"elementor-column-wrap--3ea0ab4 elementor-widget-wrap elementor-element-populated\">\n\t\t\t\t\t\t<div class=\"elementor-element elementor-element-65b6c5b elementor-widget elementor-widget-heading\" data-id=\"65b6c5b\" data-element_type=\"widget\" data-e-type=\"widget\" data-widget_type=\"heading.default\">\n\t\t\t\t<div class=\"elementor-widget-container\">\n\t\t\t\t\t<h2 class=\"elementor-heading-title elementor-size-default\">PAINT PREPARE - VALIKLIS<\/h2>\t\t\t\t<\/div>\n\t\t\t\t<\/div>\n\t\t\t\t\t<\/div>\n\t\t<\/div>\n\t\t\t\t<div class=\"elementor-column elementor-col-50 elementor-inner-column elementor-element elementor-element-3b93e4c\" data-id=\"3b93e4c\" data-element_type=\"column\" data-e-type=\"column\">\n\t\t\t<div class=\"elementor-column-wrap--3b93e4c elementor-widget-wrap elementor-element-populated\">\n\t\t\t\t\t\t<div class=\"elementor-element elementor-element-5bce960 elementor-widget elementor-widget-text-editor\" data-id=\"5bce960\" data-element_type=\"widget\" data-e-type=\"widget\" data-widget_type=\"text-editor.default\">\n\t\t\t\t<div class=\"elementor-widget-container\">\n\t\t\t\t\t\t\t\t\t<p>Tai yra koncentruotas valiklis, kuris nuriebalina ir nuvalo pavir\u0161i\u0173. \u0160ia priemone nuvalytas pavir\u0161ius yra paruo\u0161tas nano priemoni\u0173 dengimui. Juo nuvalius pavir\u0161i\u0173, nelieka jokio riebalinio sluoksnio, pa\u0161alinamos smulkios dulk\u0117s ir kiti ne\u0161varumai, tod\u0117l nano priemon\u0117s veikia efektyviau ir ilgiau. \u0160is valiklis itin rekomenduojamas prie\u0161 naudojant nano dang\u0105 GLASS XTREME.<\/p><p>200 ml.<\/p>\t\t\t\t\t\t\t\t<\/div>\n\t\t\t\t<\/div>\n\t\t\t\t\t<\/div>\n\t\t<\/div>\n\t\t\t\t\t<\/div>\n\t\t<\/section>\n\t\t\t\t<section class=\"elementor-section elementor-inner-section elementor-element elementor-element-2774067 elementor-section-boxed elementor-section-height-default elementor-section-height-default\" data-id=\"2774067\" data-element_type=\"section\" data-e-type=\"section\">\n\t\t\t\t\t\t<div class=\"elementor-container elementor-column-gap-default\">\n\t\t\t\t\t<div class=\"elementor-column elementor-col-50 elementor-inner-column elementor-element elementor-element-1c99a90\" data-id=\"1c99a90\" data-element_type=\"column\" data-e-type=\"column\">\n\t\t\t<div class=\"elementor-column-wrap--1c99a90 elementor-widget-wrap elementor-element-populated\">\n\t\t\t\t\t\t<div class=\"elementor-element elementor-element-2ef56e2 elementor-widget elementor-widget-heading\" data-id=\"2ef56e2\" data-element_type=\"widget\" data-e-type=\"widget\" data-widget_type=\"heading.default\">\n\t\t\t\t<div class=\"elementor-widget-container\">\n\t\t\t\t\t<h2 class=\"elementor-heading-title elementor-size-default\">MC500 MICROFIBER CLOTH - \u0160LUOST\u0116S<\/h2>\t\t\t\t<\/div>\n\t\t\t\t<\/div>\n\t\t\t\t\t<\/div>\n\t\t<\/div>\n\t\t\t\t<div class=\"elementor-column elementor-col-50 elementor-inner-column elementor-element elementor-element-786d1a9\" data-id=\"786d1a9\" data-element_type=\"column\" data-e-type=\"column\">\n\t\t\t<div class=\"elementor-column-wrap--786d1a9 elementor-widget-wrap elementor-element-populated\">\n\t\t\t\t\t\t<div class=\"elementor-element elementor-element-9e8d5f9 elementor-widget elementor-widget-text-editor\" data-id=\"9e8d5f9\" data-element_type=\"widget\" data-e-type=\"widget\" data-widget_type=\"text-editor.default\">\n\t\t\t\t<div class=\"elementor-widget-container\">\n\t\t\t\t\t\t\t\t\t<p>Pagamintos i\u0161 auk\u0161tos kokyb\u0117s 500 gsm koralinio fliso audinio, \u0161ios \u0161luost\u0117s pasi\u017eymi i\u0161skirtiniu \u0161velnumu, sugeriamumu ir ilgaam\u017ei\u0161kumu, tod\u0117l yra profesional\u0173 pasirinkimas tiek automobili\u0173 prie\u017ei\u016bros, tiek detaliavimo darbams. Dvigubo sluoksnio konstrukcija leid\u017eia efektyviai valyti tiek vidaus, tiek i\u0161or\u0117s pavir\u0161ius \u2013 \u0161velniai pa\u0161alinant dulkes, ne\u0161varumus ir poliravimo liku\u010dius, nepaliekant \u012fbr\u0117\u017eim\u0173, \u017eymi\u0173 ar dry\u017ei\u0173. Tinka daugybei paskir\u010di\u0173: va\u0161ko, poliravimo pastos ar keramin\u0117s dangos nuvalymui, sausam d\u017eiovinimui ar tarpiniam pavir\u0161i\u0173 valymui. U\u017etikrina tolyg\u0173, auk\u0161to blizgesio pavir\u0161iaus efekt\u0105 ant vis\u0173 automobilio dali\u0173.<\/p>\t\t\t\t\t\t\t\t<\/div>\n\t\t\t\t<\/div>\n\t\t\t\t\t<\/div>\n\t\t<\/div>\n\t\t\t\t\t<\/div>\n\t\t<\/section>\n\t\t\t\t<section class=\"elementor-section elementor-inner-section elementor-element elementor-element-589d69f elementor-section-boxed elementor-section-height-default elementor-section-height-default\" data-id=\"589d69f\" data-element_type=\"section\" data-e-type=\"section\">\n\t\t\t\t\t\t<div class=\"elementor-container elementor-column-gap-default\">\n\t\t\t\t\t<div class=\"elementor-column elementor-col-50 elementor-inner-column elementor-element elementor-element-bdf417b\" data-id=\"bdf417b\" data-element_type=\"column\" data-e-type=\"column\">\n\t\t\t<div class=\"elementor-column-wrap--bdf417b elementor-widget-wrap elementor-element-populated\">\n\t\t\t\t\t\t<div class=\"elementor-element elementor-element-c9c0125 elementor-widget elementor-widget-heading\" data-id=\"c9c0125\" data-element_type=\"widget\" data-e-type=\"widget\" data-widget_type=\"heading.default\">\n\t\t\t\t<div class=\"elementor-widget-container\">\n\t\t\t\t\t<h2 class=\"elementor-heading-title elementor-size-default\">WASHING MITT \u2013 PLOVIMO PIR\u0160TIN\u0116<\/h2>\t\t\t\t<\/div>\n\t\t\t\t<\/div>\n\t\t\t\t\t<\/div>\n\t\t<\/div>\n\t\t\t\t<div class=\"elementor-column elementor-col-50 elementor-inner-column elementor-element elementor-element-5a4f525\" data-id=\"5a4f525\" data-element_type=\"column\" data-e-type=\"column\">\n\t\t\t<div class=\"elementor-column-wrap--5a4f525 elementor-widget-wrap elementor-element-populated\">\n\t\t\t\t\t\t<div class=\"elementor-element elementor-element-461e65a elementor-widget elementor-widget-text-editor\" data-id=\"461e65a\" data-element_type=\"widget\" data-e-type=\"widget\" data-widget_type=\"text-editor.default\">\n\t\t\t\t<div class=\"elementor-widget-container\">\n\t\t\t\t\t\t\t\t\t<p class=\"translation-block\">Auk\u0161tos kokyb\u0117s mikropluo\u0161to plovimo pir\u0161tin\u0117, pagaminta i\u0161 itin smulkaus mikropluo\u0161to, kuris yra ypa\u010d \u0161velnus ir tinkamas naudoti visoms transporto priemon\u0117s vietoms. D\u0117l ilgo pluo\u0161to strukt\u016bros pir\u0161tin\u0117 pasi\u017eymi i\u0161skirtiniu valymo efektyvumu \u2013 giliai \u012fsiskverbiantys mikropluo\u0161to si\u016blai \u0161velniai pa\u0161alina purv\u0105 ir dulkes nebrai\u017eydami pavir\u0161iaus. Vidinis storas porolono sluoksnis sulaiko didel\u012f kiek\u012f \u0161amp\u016bno put\u0173, tod\u0117l u\u017etikrinamas maksimaliai saugus ir efektyvus plovimas be rizikos pa\u017eeisti dang\u0105.<\/p>\t\t\t\t\t\t\t\t<\/div>\n\t\t\t\t<\/div>\n\t\t\t\t\t<\/div>\n\t\t<\/div>\n\t\t\t\t\t<\/div>\n\t\t<\/section>\n\t\t\t\t\t<\/div>\n\t\t<\/div>\n\t\t\t\t\t<\/div>\n\t\t<\/section>\n\t\t\t\t<\/div>","protected":false},"excerpt":{"rendered":"<p>DC60 SPRAY CERAMIC COATING Hendlex DC60 is our premium-quality spray ceramic coating designed for vehicle body protection. This coating provides resistance to chemicals and prevents dirt from adhering strongly to the surface. Thanks to its excellent durability against environmental factors, the car maintains a \u201clike-new\u201d appearance for a longer time. A key feature of nano [&hellip;]<\/p>\n","protected":false},"featured_media":11232,"template":"","meta":{"_acf_changed":false},"product_cat":[164],"product_tag":[],"class_list":{"0":"post-11210","1":"product","2":"type-product","3":"status-publish","4":"has-post-thumbnail","6":"product_cat-offers-1","7":"product_shipping_class-free-shipping","9":"first","10":"instock","11":"sale","12":"taxable","13":"shipping-taxable","14":"purchasable","15":"product-type-woosb","swatches":"rey-swatches","show_selected":""},"acf":[],"_links":{"self":[{"href":"https:\/\/hendlex.lt\/lt\/wp-json\/wp\/v2\/product\/11210","targetHints":{"allow":["GET"]}}],"collection":[{"href":"https:\/\/hendlex.lt\/lt\/wp-json\/wp\/v2\/product"}],"about":[{"href":"https:\/\/hendlex.lt\/lt\/wp-json\/wp\/v2\/types\/product"}],"version-history":[{"count":8,"href":"https:\/\/hendlex.lt\/lt\/wp-json\/wp\/v2\/product\/11210\/revisions"}],"predecessor-version":[{"id":11235,"href":"https:\/\/hendlex.lt\/lt\/wp-json\/wp\/v2\/product\/11210\/revisions\/11235"}],"wp:featuredmedia":[{"embeddable":true,"href":"https:\/\/hendlex.lt\/lt\/wp-json\/wp\/v2\/media\/11232"}],"wp:attachment":[{"href":"https:\/\/hendlex.lt\/lt\/wp-json\/wp\/v2\/media?parent=11210"}],"wp:term":[{"taxonomy":"product_cat","embeddable":true,"href":"https:\/\/hendlex.lt\/lt\/wp-json\/wp\/v2\/product_cat?post=11210"},{"taxonomy":"product_tag","embeddable":true,"href":"https:\/\/hendlex.lt\/lt\/wp-json\/wp\/v2\/product_tag?post=11210"}],"curies":[{"name":"wp","href":"https:\/\/api.w.org\/{rel}","templated":true}]}}