{"id":11221,"date":"2025-11-07T23:49:18","date_gmt":"2025-11-07T21:49:18","guid":{"rendered":"https:\/\/hendlex.lt\/?post_type=product&#038;p=11221"},"modified":"2025-11-09T13:29:40","modified_gmt":"2025-11-09T11:29:40","slug":"home-care-kit","status":"publish","type":"product","link":"https:\/\/hendlex.lt\/lt\/produktas\/home-care-kit\/","title":{"rendered":"NAM\u0172 PRIE\u017dI\u016aROS RINKINYS"},"content":{"rendered":"<div data-elementor-type=\"product-post\" data-elementor-id=\"11221\" class=\"elementor elementor-11221\" data-elementor-post-type=\"product\">\n\t\t\t\t\t\t<section class=\"rey-lazyBg elementor-section elementor-top-section elementor-element elementor-element-f1abc26 rey-section-stretched rey-section-bg--classic --zindexed-2 elementor-section-boxed elementor-section-height-default elementor-section-height-default\" data-id=\"f1abc26\" data-element_type=\"section\" data-e-type=\"section\" data-settings=\"{&quot;background_background&quot;:&quot;classic&quot;}\">\n\t\t\t\t\t\t<div class=\"elementor-container elementor-column-gap-default\">\n\t\t\t\t\t<div class=\"elementor-column elementor-col-100 elementor-top-column elementor-element elementor-element-1a2cd41\" data-id=\"1a2cd41\" data-element_type=\"column\" data-e-type=\"column\">\n\t\t\t<div class=\"elementor-column-wrap--1a2cd41 elementor-widget-wrap elementor-element-populated\">\n\t\t\t\t\t\t<section class=\"elementor-section elementor-inner-section elementor-element elementor-element-a008ba9 elementor-section-boxed elementor-section-height-default elementor-section-height-default\" data-id=\"a008ba9\" data-element_type=\"section\" data-e-type=\"section\">\n\t\t\t\t\t\t<div class=\"elementor-container elementor-column-gap-default\">\n\t\t\t\t\t<div class=\"elementor-column elementor-col-50 elementor-inner-column elementor-element elementor-element-69ff09a\" data-id=\"69ff09a\" data-element_type=\"column\" data-e-type=\"column\">\n\t\t\t<div class=\"elementor-column-wrap--69ff09a elementor-widget-wrap elementor-element-populated\">\n\t\t\t\t\t\t<div class=\"elementor-element elementor-element-0316219 elementor-widget elementor-widget-heading\" data-id=\"0316219\" data-element_type=\"widget\" data-e-type=\"widget\" data-widget_type=\"heading.default\">\n\t\t\t\t<div class=\"elementor-widget-container\">\n\t\t\t\t\t<h2 class=\"elementor-heading-title elementor-size-default\">LIME SCALE CLEANER \u2013 KALKI\u0172 VALIKLIS<\/h2>\t\t\t\t<\/div>\n\t\t\t\t<\/div>\n\t\t\t\t\t<\/div>\n\t\t<\/div>\n\t\t\t\t<div class=\"elementor-column elementor-col-50 elementor-inner-column elementor-element elementor-element-3f0284a\" data-id=\"3f0284a\" data-element_type=\"column\" data-e-type=\"column\">\n\t\t\t<div class=\"elementor-column-wrap--3f0284a elementor-widget-wrap elementor-element-populated\">\n\t\t\t\t\t\t<div class=\"elementor-element elementor-element-4eda8ae elementor-widget elementor-widget-text-editor\" data-id=\"4eda8ae\" data-element_type=\"widget\" data-e-type=\"widget\" data-widget_type=\"text-editor.default\">\n\t\t\t\t<div class=\"elementor-widget-container\">\n\t\t\t\t\t\t\t\t\t<p data-start=\"106\" data-end=\"472\">Kalki\u0173 valiklis Limescale Cleaner gali b\u016bti naudojamas kasdieniam \u0161varos palaikymui buityje bei\npavir\u0161iaus paruo\u0161imui prie\u0161 dengiant nano dang\u0105. Rekomenduojama naudoti su: Hendlex Glass\nand Ceramic, Hendlex Glass and Ceramic PRO ir Hendlex Plastic and Metal (du\u0161o kabin\u0173\nstiklams, plytel\u0117ms, keramikiniams praustuvams, metaliniams vandens mai\u0161ytuvams).<\/p><p data-start=\"474\" data-end=\"518\">0% kvapikli\u0173 \/ 0% da\u017eikli\u0173 \/ 0% paraben\u0173<\/p><p data-start=\"520\" data-end=\"529\">250 ml.<\/p>\t\t\t\t\t\t\t\t<\/div>\n\t\t\t\t<\/div>\n\t\t\t\t\t<\/div>\n\t\t<\/div>\n\t\t\t\t\t<\/div>\n\t\t<\/section>\n\t\t\t\t<section class=\"elementor-section elementor-inner-section elementor-element elementor-element-a259e3a elementor-section-boxed elementor-section-height-default elementor-section-height-default\" data-id=\"a259e3a\" data-element_type=\"section\" data-e-type=\"section\">\n\t\t\t\t\t\t<div class=\"elementor-container elementor-column-gap-default\">\n\t\t\t\t\t<div class=\"elementor-column elementor-col-50 elementor-inner-column elementor-element elementor-element-578ccd7\" data-id=\"578ccd7\" data-element_type=\"column\" data-e-type=\"column\">\n\t\t\t<div class=\"elementor-column-wrap--578ccd7 elementor-widget-wrap elementor-element-populated\">\n\t\t\t\t\t\t<div class=\"elementor-element elementor-element-5a85015 elementor-widget elementor-widget-heading\" data-id=\"5a85015\" data-element_type=\"widget\" data-e-type=\"widget\" data-widget_type=\"heading.default\">\n\t\t\t\t<div class=\"elementor-widget-container\">\n\t\t\t\t\t<h2 class=\"elementor-heading-title elementor-size-default\">GREASE CLEANER \u2013 RIEBAL\u0172 VALIKLIS<\/h2>\t\t\t\t<\/div>\n\t\t\t\t<\/div>\n\t\t\t\t\t<\/div>\n\t\t<\/div>\n\t\t\t\t<div class=\"elementor-column elementor-col-50 elementor-inner-column elementor-element elementor-element-8c4a030\" data-id=\"8c4a030\" data-element_type=\"column\" data-e-type=\"column\">\n\t\t\t<div class=\"elementor-column-wrap--8c4a030 elementor-widget-wrap elementor-element-populated\">\n\t\t\t\t\t\t<div class=\"elementor-element elementor-element-1ec5b39 elementor-widget elementor-widget-text-editor\" data-id=\"1ec5b39\" data-element_type=\"widget\" data-e-type=\"widget\" data-widget_type=\"text-editor.default\">\n\t\t\t\t<div class=\"elementor-widget-container\">\n\t\t\t\t\t\t\t\t\t<p>Tai puiki priemon\u0117 valyti gartraukius, dujines, orkaites, mikrobang\u0173 krosneles, plyteles, grilius,\nkepimo skardas, krosnis, ie\u0161mus. Taip pat valiklis gali b\u016bti naudojamas siekiant nuvalyti\npavir\u0161i\u0173 prie\u0161 dengiant nano dangas.<\/p><p>0% kvapikli\u0173 \/ 0% da\u017eikli\u0173 \/ 0% paraben\u0173<\/p><p>250 ml.<\/p>\t\t\t\t\t\t\t\t<\/div>\n\t\t\t\t<\/div>\n\t\t\t\t\t<\/div>\n\t\t<\/div>\n\t\t\t\t\t<\/div>\n\t\t<\/section>\n\t\t\t\t<section class=\"elementor-section elementor-inner-section elementor-element elementor-element-24986e6 elementor-section-boxed elementor-section-height-default elementor-section-height-default\" data-id=\"24986e6\" data-element_type=\"section\" data-e-type=\"section\">\n\t\t\t\t\t\t<div class=\"elementor-container elementor-column-gap-default\">\n\t\t\t\t\t<div class=\"elementor-column elementor-col-50 elementor-inner-column elementor-element elementor-element-54b3665\" data-id=\"54b3665\" data-element_type=\"column\" data-e-type=\"column\">\n\t\t\t<div class=\"elementor-column-wrap--54b3665 elementor-widget-wrap elementor-element-populated\">\n\t\t\t\t\t\t<div class=\"elementor-element elementor-element-613d7c2 elementor-widget elementor-widget-heading\" data-id=\"613d7c2\" data-element_type=\"widget\" data-e-type=\"widget\" data-widget_type=\"heading.default\">\n\t\t\t\t<div class=\"elementor-widget-container\">\n\t\t\t\t\t<h2 class=\"elementor-heading-title elementor-size-default\">PLASTIC &amp; METAL \u2013 NANO DANGA<\/h2>\t\t\t\t<\/div>\n\t\t\t\t<\/div>\n\t\t\t\t\t<\/div>\n\t\t<\/div>\n\t\t\t\t<div class=\"elementor-column elementor-col-50 elementor-inner-column elementor-element elementor-element-85d0396\" data-id=\"85d0396\" data-element_type=\"column\" data-e-type=\"column\">\n\t\t\t<div class=\"elementor-column-wrap--85d0396 elementor-widget-wrap elementor-element-populated\">\n\t\t\t\t\t\t<div class=\"elementor-element elementor-element-bd3bc0b elementor-widget elementor-widget-text-editor\" data-id=\"bd3bc0b\" data-element_type=\"widget\" data-e-type=\"widget\" data-widget_type=\"text-editor.default\">\n\t\t\t\t<div class=\"elementor-widget-container\">\n\t\t\t\t\t\t\t\t\t<p>Tai apsaugin\u0117 nano danga, skirta \u012fvairi\u0173 buitini\u0173 prietais\u0173 metalin\u0117ms ir plastikin\u0117ms dalims.\nPadengtas pavir\u0161ius atstumia vanden\u012f ir aliej\u0173, tod\u0117l valyti lengva ir nesud\u0117tinga.<\/p><p>50 ml.<\/p>\t\t\t\t\t\t\t\t<\/div>\n\t\t\t\t<\/div>\n\t\t\t\t\t<\/div>\n\t\t<\/div>\n\t\t\t\t\t<\/div>\n\t\t<\/section>\n\t\t\t\t\t<\/div>\n\t\t<\/div>\n\t\t\t\t\t<\/div>\n\t\t<\/section>\n\t\t\t\t<\/div>","protected":false},"excerpt":{"rendered":"<p>LIME SCALE CLEANER \u2013 LIMESCALE REMOVER The Limescale Cleaner can be used for daily household cleaning and for preparing surfaces before applying a nano coating. It is recommended for use with Hendlex Glass and Ceramic, Hendlex Glass and Ceramic PRO, and Hendlex Plastic and Metal products (suitable for shower glass, tiles, ceramic sinks, and metal [&hellip;]<\/p>\n","protected":false},"featured_media":11227,"template":"","meta":{"_acf_changed":false},"product_cat":[164],"product_tag":[],"class_list":{"0":"post-11221","1":"product","2":"type-product","3":"status-publish","4":"has-post-thumbnail","6":"product_cat-offers-1","7":"product_shipping_class-free-shipping","9":"first","10":"instock","11":"sale","12":"taxable","13":"shipping-taxable","14":"purchasable","15":"product-type-woosb","swatches":"rey-swatches","show_selected":""},"acf":[],"_links":{"self":[{"href":"https:\/\/hendlex.lt\/lt\/wp-json\/wp\/v2\/product\/11221","targetHints":{"allow":["GET"]}}],"collection":[{"href":"https:\/\/hendlex.lt\/lt\/wp-json\/wp\/v2\/product"}],"about":[{"href":"https:\/\/hendlex.lt\/lt\/wp-json\/wp\/v2\/types\/product"}],"version-history":[{"count":5,"href":"https:\/\/hendlex.lt\/lt\/wp-json\/wp\/v2\/product\/11221\/revisions"}],"predecessor-version":[{"id":11228,"href":"https:\/\/hendlex.lt\/lt\/wp-json\/wp\/v2\/product\/11221\/revisions\/11228"}],"wp:featuredmedia":[{"embeddable":true,"href":"https:\/\/hendlex.lt\/lt\/wp-json\/wp\/v2\/media\/11227"}],"wp:attachment":[{"href":"https:\/\/hendlex.lt\/lt\/wp-json\/wp\/v2\/media?parent=11221"}],"wp:term":[{"taxonomy":"product_cat","embeddable":true,"href":"https:\/\/hendlex.lt\/lt\/wp-json\/wp\/v2\/product_cat?post=11221"},{"taxonomy":"product_tag","embeddable":true,"href":"https:\/\/hendlex.lt\/lt\/wp-json\/wp\/v2\/product_tag?post=11221"}],"curies":[{"name":"wp","href":"https:\/\/api.w.org\/{rel}","templated":true}]}}