{"id":2295,"date":"2022-12-15T11:45:14","date_gmt":"2022-12-15T11:45:14","guid":{"rendered":"https:\/\/hendlex.lt\/?post_type=product&#038;p=2295"},"modified":"2024-12-02T16:18:50","modified_gmt":"2024-12-02T14:18:50","slug":"kabrioleto-apsauga","status":"publish","type":"product","link":"https:\/\/hendlex.lt\/lt\/produktas\/kabrioleto-apsauga\/","title":{"rendered":"Cabrio protect"},"content":{"rendered":"<div data-elementor-type=\"product-post\" data-elementor-id=\"2295\" class=\"elementor elementor-2295\" data-elementor-post-type=\"product\">\n\t\t\t\t\t\t<section class=\"elementor-section elementor-top-section elementor-element elementor-element-d0a5c39 elementor-section-boxed elementor-section-height-default elementor-section-height-default\" data-id=\"d0a5c39\" data-element_type=\"section\" data-e-type=\"section\">\n\t\t\t\t\t\t<div class=\"elementor-container elementor-column-gap-default\">\n\t\t\t\t\t<div class=\"elementor-column elementor-col-100 elementor-top-column elementor-element elementor-element-75a3f31\" data-id=\"75a3f31\" data-element_type=\"column\" data-e-type=\"column\">\n\t\t\t<div class=\"elementor-column-wrap--75a3f31 elementor-widget-wrap elementor-element-populated\">\n\t\t\t\t\t\t<div class=\"elementor-element elementor-element-1b2ae57 elementor-widget elementor-widget-heading\" data-id=\"1b2ae57\" data-element_type=\"widget\" data-e-type=\"widget\" data-widget_type=\"heading.default\">\n\t\t\t\t<div class=\"elementor-widget-container\">\n\t\t\t\t\t<h2 class=\"elementor-heading-title elementor-size-default\">PRODUKTO SPECIFIKACIJOS<\/h2>\t\t\t\t<\/div>\n\t\t\t\t<\/div>\n\t\t\t\t<div class=\"elementor-element elementor-element-df4f736 elementor-widget elementor-widget-heading\" data-id=\"df4f736\" data-element_type=\"widget\" data-e-type=\"widget\" data-widget_type=\"heading.default\">\n\t\t\t\t<div class=\"elementor-widget-container\">\n\t\t\t\t\t<h2 class=\"elementor-heading-title elementor-size-default\">PRODUKTO SPECIFIKACIJOS<\/h2>\t\t\t\t<\/div>\n\t\t\t\t<\/div>\n\t\t\t\t<div class=\"elementor-element elementor-element-3536c9e elementor-widget-divider--view-line elementor-widget elementor-widget-divider\" data-id=\"3536c9e\" data-element_type=\"widget\" data-e-type=\"widget\" data-widget_type=\"divider.default\">\n\t\t\t\t<div class=\"elementor-widget-container\">\n\t\t\t\t\t\t\t<div class=\"elementor-divider\">\n\t\t\t<span class=\"elementor-divider-separator\">\n\t\t\t\t\t\t<\/span>\n\t\t<\/div>\n\t\t\t\t\t\t<\/div>\n\t\t\t\t<\/div>\n\t\t\t\t<div class=\"elementor-element elementor-element-6359551 elementor-widget elementor-widget-reycore-carousel\" data-id=\"6359551\" data-element_type=\"widget\" data-e-type=\"widget\" data-widget_type=\"reycore-carousel.default\">\n\t\t\t\t<div class=\"elementor-widget-container\">\n\t\t\t\t\t<div data-layout=\"basic\" class=\"rey-carouselEl --custom --direction-ltr rey-sliderComp-nav\" data-carousel-settings=\"{&quot;type&quot;:&quot;slide&quot;,&quot;direction&quot;:&quot;ltr&quot;,&quot;items_to_show&quot;:&quot;4&quot;,&quot;infinite&quot;:true,&quot;autoplay&quot;:false,&quot;pauseOnHover&quot;:false,&quot;interval&quot;:9000,&quot;customArrows&quot;:&quot;arrows-6359551-2295&quot;,&quot;pagination&quot;:false,&quot;speed&quot;:700,&quot;c_padding&quot;:{&quot;unit&quot;:&quot;px&quot;,&quot;top&quot;:&quot;&quot;,&quot;right&quot;:&quot;&quot;,&quot;bottom&quot;:&quot;&quot;,&quot;left&quot;:&quot;&quot;,&quot;isLinked&quot;:true},&quot;uniqueID&quot;:&quot;carousel-638fa0907a53c&quot;,&quot;targetSync&quot;:&quot;&quot;,&quot;free_drag&quot;:[],&quot;lazy_load&quot;:false,&quot;autoscroll&quot;:&quot;&quot;,&quot;autoscroll_rewind&quot;:false,&quot;autoscroll_pause_hover&quot;:false,&quot;bp_devices&quot;:{&quot;perPage&quot;:&quot;items_to_show&quot;,&quot;padding&quot;:&quot;c_padding&quot;},&quot;items_to_show_mobile&quot;:&quot;1&quot;,&quot;items_to_show_tablet&quot;:&quot;2&quot;}\">\n\t\t<div class=\"splide carousel-638fa0907a53c\" data-slider-carousel-id=\"carousel-638fa0907a53c\">\n\t\t\t<div class=\"splide__track\">\n\t\t\t\t<div class=\"splide__list __slides\">\n\n\t\t\t\t\t<div class=\"splide__slide __slide elementor-repeater-item-b41041a\"><div class=\"rey-card --basic\"><img decoding=\"async\" width=\"59\" height=\"35\" src=\"https:\/\/hendlex.lt\/wp-content\/uploads\/2022\/10\/Material.svg\" class=\"__media\" alt=\"Med\u017eiagos piktograma\" title=\"\"><div class=\"__caption\"><h2 class=\"__captionEl __captionTitle\">DENGIAMI PAVIR\u0160IAI <\/h2><div class=\"__captionEl __captionSubtitle\">Kabrioleto tekstilinis stogas<\/div><\/div><\/div><\/div><div class=\"splide__slide __slide elementor-repeater-item-d11aea9\"><div class=\"rey-card --basic\"><img decoding=\"async\" width=\"59\" height=\"35\" src=\"https:\/\/hendlex.lt\/wp-content\/uploads\/2022\/10\/Area.svg\" class=\"__media\" alt=\"Ploto piktograma\" title=\"\"><div class=\"__caption\"><h2 class=\"__captionEl __captionTitle\">PADENGIAMAS PLOTAS <\/h2><div class=\"__captionEl __captionSubtitle\">Vienas automobilio stogas, priklausomai nuo pavir\u0161iaus<\/div><\/div><\/div><\/div><div class=\"splide__slide __slide elementor-repeater-item-6f99bcc\"><div class=\"rey-card --basic\"><img decoding=\"async\" width=\"42\" height=\"41\" src=\"https:\/\/hendlex.lt\/wp-content\/uploads\/2022\/10\/Time.svg\" class=\"__media\" alt=\"Laiko piktograma\" title=\"\"><div class=\"__caption\"><h2 class=\"__captionEl __captionTitle\">GALIOJIMO LAIKAS <\/h2><div class=\"__captionEl __captionSubtitle\">2 metai<\/div><\/div><\/div><\/div><div class=\"splide__slide __slide elementor-repeater-item-6fc3eba\"><div class=\"rey-card --basic\"><img loading=\"lazy\" decoding=\"async\" width=\"17\" height=\"42\" src=\"https:\/\/hendlex.lt\/wp-content\/uploads\/2022\/10\/Temperature.svg\" class=\"__media\" alt=\"temperat\u016bros piktograma\" title=\"\"><div class=\"__caption\"><h2 class=\"__captionEl __captionTitle\">DENGIMO TEMPERAT\u016aRA <\/h2><div class=\"__captionEl __captionSubtitle\">Nuo +5 \u02daC iki +30 \u02daC <\/div><\/div><\/div><\/div><div class=\"splide__slide __slide elementor-repeater-item-a2f34e7\"><div class=\"rey-card --basic\"><img decoding=\"async\" width=\"42\" height=\"41\" src=\"https:\/\/hendlex.lt\/wp-content\/uploads\/2022\/10\/Time.svg\" class=\"__media\" alt=\"Laiko piktograma\" title=\"\"><div class=\"__caption\"><h2 class=\"__captionEl __captionTitle\">FORMAVIMOSI LAIKAS <\/h2><div class=\"__captionEl __captionSubtitle\">Kol danga i\u0161d\u017eius arba bent 4 valandas<\/div><\/div><\/div><\/div><div class=\"splide__slide __slide elementor-repeater-item-adcb9fd\"><div class=\"rey-card --basic\"><img loading=\"lazy\" decoding=\"async\" width=\"33\" height=\"41\" src=\"https:\/\/hendlex.lt\/wp-content\/uploads\/2022\/10\/Vector-24.svg\" class=\"__media\" alt=\"sta\u010diakampio piktograma\" title=\"\"><div class=\"__caption\"><h2 class=\"__captionEl __captionTitle\">LAIKYMO S\u0104LYGOS <\/h2><div class=\"__captionEl __captionSubtitle\">Nuo +5 \u02daC iki +30 \u02daC<\/div><\/div><\/div><\/div><div class=\"splide__slide __slide elementor-repeater-item-58bd9e3\"><div class=\"rey-card --basic\"><img loading=\"lazy\" decoding=\"async\" width=\"39\" height=\"42\" src=\"https:\/\/hendlex.lt\/wp-content\/uploads\/2022\/10\/Group-1756.svg\" class=\"__media\" alt=\"langelio piktograma\" title=\"\"><div class=\"__caption\"><h2 class=\"__captionEl __captionTitle\">PAKUOT\u0116<\/h2><div class=\"__captionEl __captionSubtitle\">200 ml aliuminis buteliukas<\/div><\/div><\/div><\/div>\n\t\t\t\t<\/div>\n\t\t\t<\/div>\n\n\t\t\t\n\t\t<\/div>\n\t\t\t\t<div class=\"rey-sliderArrows arrows-6359551-2295\" data-lazy-hidden>\n\t\t\t<div class=\"rey-arrowSvg rey-arrowSvg--left\" data-dir=\"<\"><svg aria-hidden=\"true\" role=\"img\" id=\"rey-icon-arrow-long-69ef6c906de0c\" class=\"rey-icon rey-icon-arrow-long  --default\" viewbox=\"0 0 50 8\"><path d=\"M0.928904706,3.0387609 L44.0113745,3.0387609 L44.0113745,4.97541883 L0.928904706,4.97541883 C0.415884803,4.97541883 2.13162821e-14,4.54188318 2.13162821e-14,4.00708986 C2.13162821e-14,3.47229655 0.415884803,3.0387609 0.928904706,3.0387609 Z\" class=\"rey-arrowSvg-dash\" style=\"transform:var(--i-dsh-tr,initial);transition:var(--i-trs,initial);transform-origin:100% 50%;\"><\/path><path d=\"M49.6399545,3.16320794 L45.1502484,0.129110528 C45.0056033,0.0532149593 44.8474869,0.0092610397 44.685796,3.99680289e-14 C44.5479741,0.0112891909 44.4144881,0.0554642381 44.2956561,0.129110528 C44.0242223,0.2506013 43.8503957,0.531340097 43.8559745,0.839218433 L43.8559745,6.90741326 C43.8503957,7.21529159 44.0242223,7.49603039 44.2956561,7.61752116 C44.5594727,7.77895738 44.8864318,7.77895738 45.1502484,7.61752116 L49.6399545,4.58342375 C49.8682741,4.42554586 50.0055358,4.15892769 50.0055358,3.87331584 C50.0055358,3.587704 49.8682741,3.32108583 49.6399545,3.16320794 Z\"><\/path><\/svg><\/div><div class=\"rey-arrowSvg rey-arrowSvg--right\" data-dir=\">\"><svg aria-hidden=\"true\" role=\"img\" id=\"rey-icon-arrow-long-69ef6c906de21\" class=\"rey-icon rey-icon-arrow-long  --default\" viewbox=\"0 0 50 8\"><path d=\"M0.928904706,3.0387609 L44.0113745,3.0387609 L44.0113745,4.97541883 L0.928904706,4.97541883 C0.415884803,4.97541883 2.13162821e-14,4.54188318 2.13162821e-14,4.00708986 C2.13162821e-14,3.47229655 0.415884803,3.0387609 0.928904706,3.0387609 Z\" class=\"rey-arrowSvg-dash\" style=\"transform:var(--i-dsh-tr,initial);transition:var(--i-trs,initial);transform-origin:100% 50%;\"><\/path><path d=\"M49.6399545,3.16320794 L45.1502484,0.129110528 C45.0056033,0.0532149593 44.8474869,0.0092610397 44.685796,3.99680289e-14 C44.5479741,0.0112891909 44.4144881,0.0554642381 44.2956561,0.129110528 C44.0242223,0.2506013 43.8503957,0.531340097 43.8559745,0.839218433 L43.8559745,6.90741326 C43.8503957,7.21529159 44.0242223,7.49603039 44.2956561,7.61752116 C44.5594727,7.77895738 44.8864318,7.77895738 45.1502484,7.61752116 L49.6399545,4.58342375 C49.8682741,4.42554586 50.0055358,4.15892769 50.0055358,3.87331584 C50.0055358,3.587704 49.8682741,3.32108583 49.6399545,3.16320794 Z\"><\/path><\/svg><\/div>\t\t<\/div>\n\n\t\t<\/div>\t\t\t\t<\/div>\n\t\t\t\t<\/div>\n\t\t\t\t\t<\/div>\n\t\t<\/div>\n\t\t\t\t\t<\/div>\n\t\t<\/section>\n\t\t\t\t<section class=\"rey-lazyBg elementor-section elementor-top-section elementor-element elementor-element-ad34e2e rey-section-stretched rey-section-bg--classic --zindexed-2 elementor-section-full_width elementor-section-height-min-height elementor-section-height-default elementor-section-items-middle\" data-id=\"ad34e2e\" data-element_type=\"section\" data-e-type=\"section\" data-settings=\"{&quot;background_background&quot;:&quot;classic&quot;}\">\n\t\t\t\t\t\t\t<div class=\"elementor-background-overlay\"><\/div>\n\t\t\t\t\t\t\t<div class=\"elementor-container elementor-column-gap-default\">\n\t\t\t\t\t<div class=\"elementor-column elementor-col-100 elementor-top-column elementor-element elementor-element-d5f0a18\" data-id=\"d5f0a18\" data-element_type=\"column\" data-e-type=\"column\">\n\t\t\t<div class=\"elementor-column-wrap--d5f0a18 elementor-widget-wrap\">\n\t\t\t\t\t\t\t<\/div>\n\t\t<\/div>\n\t\t\t\t\t<\/div>\n\t\t<\/section>\n\t\t\t\t<section class=\"elementor-section elementor-top-section elementor-element elementor-element-5256d9d elementor-section-boxed elementor-section-height-default elementor-section-height-default\" data-id=\"5256d9d\" data-element_type=\"section\" data-e-type=\"section\">\n\t\t\t\t\t\t<div class=\"elementor-container elementor-column-gap-default\">\n\t\t\t\t\t<div class=\"elementor-column elementor-col-50 elementor-top-column elementor-element elementor-element-f1f56b9\" data-id=\"f1f56b9\" data-element_type=\"column\" data-e-type=\"column\">\n\t\t\t<div class=\"elementor-column-wrap--f1f56b9 elementor-widget-wrap elementor-element-populated\">\n\t\t\t\t\t\t<div class=\"elementor-element elementor-element-9ab46e7 elementor-widget elementor-widget-heading\" data-id=\"9ab46e7\" data-element_type=\"widget\" data-e-type=\"widget\" data-widget_type=\"heading.default\">\n\t\t\t\t<div class=\"elementor-widget-container\">\n\t\t\t\t\t<h2 class=\"elementor-heading-title elementor-size-default\">NAUDOJIMAS<\/h2>\t\t\t\t<\/div>\n\t\t\t\t<\/div>\n\t\t\t\t<div class=\"elementor-element elementor-element-968e31f --zindexed-2 elementor-widget elementor-widget-text-editor\" data-id=\"968e31f\" data-element_type=\"widget\" data-e-type=\"widget\" data-widget_type=\"text-editor.default\">\n\t\t\t\t<div class=\"elementor-widget-container\">\n\t\t\t\t\t\t\t\t\t<p>Pavir\u0161ius turi b\u016bti visi\u0161kai \u0161varus, neriebus ir sausas. Priemon\u0119 u\u017epurk\u0161ti, tolygiai paskirstant ant pavir\u0161iaus. Palaukti kol nud\u017eius.<\/p>\t\t\t\t\t\t\t\t<\/div>\n\t\t\t\t<\/div>\n\t\t\t\t<div class=\"elementor-element elementor-element-cc3dff8 elementor-absolute --zindexed-1 elementor-widget elementor-widget-image\" data-id=\"cc3dff8\" data-element_type=\"widget\" data-e-type=\"widget\" data-settings=\"{&quot;_position&quot;:&quot;absolute&quot;}\" data-widget_type=\"image.default\">\n\t\t\t\t<div class=\"elementor-widget-container\">\n\t\t\t\t\t\t\t\t\t\t\t\t\t\t\t<img loading=\"lazy\" decoding=\"async\" width=\"592\" height=\"460\" src=\"https:\/\/hendlex.lt\/wp-content\/uploads\/2022\/12\/Vector-5-1.webp\" class=\"attachment-large size-large wp-image-7427\" alt=\"Vektorius-5-1\" srcset=\"https:\/\/hendlex.lt\/wp-content\/uploads\/2022\/12\/Vector-5-1.webp 592w, https:\/\/hendlex.lt\/wp-content\/uploads\/2022\/12\/Vector-5-1-300x233.webp 300w, https:\/\/hendlex.lt\/wp-content\/uploads\/2022\/12\/Vector-5-1-15x12.webp 15w\" sizes=\"(max-width: 592px) 100vw, 592px\" title=\"\">\t\t\t\t\t\t\t\t\t\t\t\t\t\t\t<\/div>\n\t\t\t\t<\/div>\n\t\t\t\t\t<\/div>\n\t\t<\/div>\n\t\t\t\t<div class=\"elementor-column elementor-col-50 elementor-top-column elementor-element elementor-element-d457ff1\" data-id=\"d457ff1\" data-element_type=\"column\" data-e-type=\"column\">\n\t\t\t<div class=\"elementor-column-wrap--d457ff1 elementor-widget-wrap elementor-element-populated\">\n\t\t\t\t\t\t<div class=\"elementor-element elementor-element-030f2e3 --zindexed-2 elementor-widget elementor-widget-heading\" data-id=\"030f2e3\" data-element_type=\"widget\" data-e-type=\"widget\" data-widget_type=\"heading.default\">\n\t\t\t\t<div class=\"elementor-widget-container\">\n\t\t\t\t\t<h2 class=\"elementor-heading-title elementor-size-default\">D\u0116MESIO!<\/h2>\t\t\t\t<\/div>\n\t\t\t\t<\/div>\n\t\t\t\t<div class=\"elementor-element elementor-element-d7b8400 --zindexed-2 elementor-widget elementor-widget-text-editor\" data-id=\"d7b8400\" data-element_type=\"widget\" data-e-type=\"widget\" data-widget_type=\"text-editor.default\">\n\t\t\t\t<div class=\"elementor-widget-container\">\n\t\t\t\t\t\t\t\t\t<p>Po priemon\u0117s naudojimo 4 valandas pavir\u0161ius negali kontaktuoti su vandeniu. Tinkama temperat\u016bra dengimui +5\u00b0C \u2013 +30\u00b0C. Nedenkite priemon\u0117s auk\u0161tesn\u0117je arba \u017eemesn\u0117je temperat\u016broje! Pakuot\u0119 laikyti sandariai u\u017edaryt\u0105. Pakuot\u0119 saugoti nuo tiesiogini\u0173 saul\u0117s spinduli\u0173 ir saugoti nuo u\u017e\u0161alimo.<\/p>\t\t\t\t\t\t\t\t<\/div>\n\t\t\t\t<\/div>\n\t\t\t\t\t<\/div>\n\t\t<\/div>\n\t\t\t\t\t<\/div>\n\t\t<\/section>\n\t\t\t\t<section class=\"elementor-section elementor-top-section elementor-element elementor-element-2889a74 --zindexed-1 elementor-section-boxed elementor-section-height-default elementor-section-height-default\" data-id=\"2889a74\" data-element_type=\"section\" data-e-type=\"section\">\n\t\t\t\t\t\t<div class=\"elementor-container elementor-column-gap-default\">\n\t\t\t\t\t<div class=\"elementor-column elementor-col-100 elementor-top-column elementor-element elementor-element-7fbec95\" data-id=\"7fbec95\" data-element_type=\"column\" data-e-type=\"column\">\n\t\t\t<div class=\"elementor-column-wrap--7fbec95 elementor-widget-wrap elementor-element-populated\">\n\t\t\t\t\t\t<div class=\"elementor-element elementor-element-d3172f0 elementor-widget elementor-widget-text-editor\" data-id=\"d3172f0\" data-element_type=\"widget\" data-e-type=\"widget\" data-widget_type=\"text-editor.default\">\n\t\t\t\t<div class=\"elementor-widget-container\">\n\t\t\t\t\t\t\t\t\t<p>Raskite daugiau produkt\u0173 automobiliams <strong><em><a href=\"https:\/\/hendlex.lt\/lt\/produkto-kategorija\/automobiliams\/\">\u010dia<\/a><\/em> <\/strong>\/ Jei turite klausim\u0173 apie produkt\u0105, pra\u0161ome <strong><em><a href=\"https:\/\/hendlex.lt\/lt\/testas\/susisiekite-su-mumis\/\">Susisiekite su mumis<\/a><\/em><\/strong><\/p>\t\t\t\t\t\t\t\t<\/div>\n\t\t\t\t<\/div>\n\t\t\t\t<div class=\"elementor-element elementor-element-cc75b0c elementor-hidden-desktop elementor-hidden-tablet elementor-hidden-mobile elementor-widget elementor-widget-text-editor\" data-id=\"cc75b0c\" data-element_type=\"widget\" data-e-type=\"widget\" data-widget_type=\"text-editor.default\">\n\t\t\t\t<div class=\"elementor-widget-container\">\n\t\t\t\t\t\t\t\t\t<p>Cabrio protect Vandeniui atsparus hermetikas, skirtas kabriolet\u0173 stogams. Jis veiksmingai atstumia vanden\u012f, alyv\u0105, pauk\u0161\u010di\u0173 i\u0161matas ir kitus skystus ter\u0161alus, tod\u0117l audinys i\u0161lieka \u0161varus ir nepraleid\u017eia vandens. Padengtas audinys i\u0161laiko savo i\u0161vaizd\u0105 ir i\u0161lieka pralaidus orui.<\/p>\t\t\t\t\t\t\t\t<\/div>\n\t\t\t\t<\/div>\n\t\t\t\t\t<\/div>\n\t\t<\/div>\n\t\t\t\t\t<\/div>\n\t\t<\/section>\n\t\t\t\t<\/div>","protected":false},"excerpt":{"rendered":"<p>Danga kabrioleto stogui, leid\u017eia pavir\u0161iui i\u0161likti laid\u017eiam orui. Priemon\u0117 nekei\u010dia pavir\u0161iaus spalvos ir yra bekvap\u0117.<\/p>","protected":false},"featured_media":10513,"template":"","meta":{"_acf_changed":false},"product_cat":[43],"product_tag":[],"class_list":{"0":"post-2295","1":"product","2":"type-product","3":"status-publish","4":"has-post-thumbnail","6":"product_cat-auto","8":"first","9":"instock","10":"taxable","11":"shipping-taxable","12":"purchasable","13":"product-type-simple","swatches":"rey-swatches","show_selected":""},"acf":[],"_links":{"self":[{"href":"https:\/\/hendlex.lt\/lt\/wp-json\/wp\/v2\/product\/2295","targetHints":{"allow":["GET"]}}],"collection":[{"href":"https:\/\/hendlex.lt\/lt\/wp-json\/wp\/v2\/product"}],"about":[{"href":"https:\/\/hendlex.lt\/lt\/wp-json\/wp\/v2\/types\/product"}],"version-history":[{"count":0,"href":"https:\/\/hendlex.lt\/lt\/wp-json\/wp\/v2\/product\/2295\/revisions"}],"wp:featuredmedia":[{"embeddable":true,"href":"https:\/\/hendlex.lt\/lt\/wp-json\/wp\/v2\/media\/10513"}],"wp:attachment":[{"href":"https:\/\/hendlex.lt\/lt\/wp-json\/wp\/v2\/media?parent=2295"}],"wp:term":[{"taxonomy":"product_cat","embeddable":true,"href":"https:\/\/hendlex.lt\/lt\/wp-json\/wp\/v2\/product_cat?post=2295"},{"taxonomy":"product_tag","embeddable":true,"href":"https:\/\/hendlex.lt\/lt\/wp-json\/wp\/v2\/product_tag?post=2295"}],"curies":[{"name":"wp","href":"https:\/\/api.w.org\/{rel}","templated":true}]}}