{"id":2847,"date":"2022-12-19T20:02:28","date_gmt":"2022-12-19T20:02:28","guid":{"rendered":"https:\/\/hendlex.lt\/?post_type=product&#038;p=2847"},"modified":"2025-04-10T16:09:03","modified_gmt":"2025-04-10T13:09:03","slug":"plastikas-metalas","status":"publish","type":"product","link":"https:\/\/hendlex.lt\/lt\/produktas\/plastikas-metalas\/","title":{"rendered":"PLASTIC &amp; METAL"},"content":{"rendered":"<div data-elementor-type=\"product-post\" data-elementor-id=\"2847\" class=\"elementor elementor-2847\" data-elementor-post-type=\"product\">\n\t\t\t\t\t\t<section class=\"elementor-section elementor-top-section elementor-element elementor-element-78254e0 elementor-section-boxed elementor-section-height-default elementor-section-height-default\" data-id=\"78254e0\" data-element_type=\"section\" data-e-type=\"section\">\n\t\t\t\t\t\t<div class=\"elementor-container elementor-column-gap-default\">\n\t\t\t\t\t<div class=\"elementor-column elementor-col-100 elementor-top-column elementor-element elementor-element-60af54b\" data-id=\"60af54b\" data-element_type=\"column\" data-e-type=\"column\">\n\t\t\t<div class=\"elementor-column-wrap--60af54b elementor-widget-wrap elementor-element-populated\">\n\t\t\t\t\t\t<div class=\"elementor-element elementor-element-9ef8290 elementor-widget elementor-widget-heading\" data-id=\"9ef8290\" data-element_type=\"widget\" data-e-type=\"widget\" data-widget_type=\"heading.default\">\n\t\t\t\t<div class=\"elementor-widget-container\">\n\t\t\t\t\t<h2 class=\"elementor-heading-title elementor-size-default\">PRODUKTO SPECIFIKACIJOS<\/h2>\t\t\t\t<\/div>\n\t\t\t\t<\/div>\n\t\t\t\t<div class=\"elementor-element elementor-element-16fda9d elementor-widget elementor-widget-heading\" data-id=\"16fda9d\" data-element_type=\"widget\" data-e-type=\"widget\" data-widget_type=\"heading.default\">\n\t\t\t\t<div class=\"elementor-widget-container\">\n\t\t\t\t\t<h2 class=\"elementor-heading-title elementor-size-default\">PRODUKTO SPECIFIKACIJOS<\/h2>\t\t\t\t<\/div>\n\t\t\t\t<\/div>\n\t\t\t\t<div class=\"elementor-element elementor-element-645b93d elementor-widget-divider--view-line elementor-widget elementor-widget-divider\" data-id=\"645b93d\" data-element_type=\"widget\" data-e-type=\"widget\" data-widget_type=\"divider.default\">\n\t\t\t\t<div class=\"elementor-widget-container\">\n\t\t\t\t\t\t\t<div class=\"elementor-divider\">\n\t\t\t<span class=\"elementor-divider-separator\">\n\t\t\t\t\t\t<\/span>\n\t\t<\/div>\n\t\t\t\t\t\t<\/div>\n\t\t\t\t<\/div>\n\t\t\t\t<div class=\"elementor-element elementor-element-a6815da elementor-widget elementor-widget-reycore-carousel\" data-id=\"a6815da\" data-element_type=\"widget\" data-e-type=\"widget\" data-widget_type=\"reycore-carousel.default\">\n\t\t\t\t<div class=\"elementor-widget-container\">\n\t\t\t\t\t<div data-layout=\"basic\" class=\"rey-carouselEl --custom --direction-ltr rey-sliderComp-nav\" data-carousel-settings=\"{&quot;type&quot;:&quot;slide&quot;,&quot;direction&quot;:&quot;ltr&quot;,&quot;items_to_show&quot;:&quot;4&quot;,&quot;infinite&quot;:true,&quot;autoplay&quot;:false,&quot;pauseOnHover&quot;:false,&quot;interval&quot;:9000,&quot;customArrows&quot;:&quot;arrows-a6815da-2847&quot;,&quot;pagination&quot;:false,&quot;speed&quot;:700,&quot;c_padding&quot;:{&quot;unit&quot;:&quot;px&quot;,&quot;top&quot;:&quot;&quot;,&quot;right&quot;:&quot;&quot;,&quot;bottom&quot;:&quot;&quot;,&quot;left&quot;:&quot;&quot;,&quot;isLinked&quot;:true},&quot;uniqueID&quot;:&quot;carousel-638fa0907a53c&quot;,&quot;targetSync&quot;:&quot;&quot;,&quot;free_drag&quot;:[],&quot;lazy_load&quot;:false,&quot;autoscroll&quot;:&quot;&quot;,&quot;autoscroll_rewind&quot;:false,&quot;autoscroll_pause_hover&quot;:false,&quot;bp_devices&quot;:{&quot;perPage&quot;:&quot;items_to_show&quot;,&quot;padding&quot;:&quot;c_padding&quot;},&quot;items_to_show_mobile&quot;:&quot;1&quot;,&quot;items_to_show_tablet&quot;:&quot;2&quot;}\">\n\t\t<div class=\"splide carousel-638fa0907a53c\" data-slider-carousel-id=\"carousel-638fa0907a53c\">\n\t\t\t<div class=\"splide__track\">\n\t\t\t\t<div class=\"splide__list __slides\">\n\n\t\t\t\t\t<div class=\"splide__slide __slide elementor-repeater-item-b41041a\"><div class=\"rey-card --basic\"><img decoding=\"async\" width=\"59\" height=\"35\" src=\"https:\/\/hendlex.lt\/wp-content\/uploads\/2022\/10\/Material.svg\" class=\"__media\" alt=\"Med\u017eiagos piktograma\" title=\"\"><div class=\"__caption\"><h2 class=\"__captionEl __captionTitle\">DENGIAMI PAVIR\u0160IAI <\/h2><div class=\"__captionEl __captionSubtitle\">Plastikui ir metalui<\/div><\/div><\/div><\/div><div class=\"splide__slide __slide elementor-repeater-item-d11aea9\"><div class=\"rey-card --basic\"><img decoding=\"async\" width=\"59\" height=\"35\" src=\"https:\/\/hendlex.lt\/wp-content\/uploads\/2022\/10\/Area.svg\" class=\"__media\" alt=\"Ploto piktograma\" title=\"\"><div class=\"__caption\"><h2 class=\"__captionEl __captionTitle\">PADENGIAMAS PLOTAS <\/h2><div class=\"__captionEl __captionSubtitle\">Su 50 ml dangos galima padengti 10 m<sup>2<\/sup>, priklausomai nuo pavir\u0161iaus<\/div><\/div><\/div><\/div><div class=\"splide__slide __slide elementor-repeater-item-6f99bcc\"><div class=\"rey-card --basic\"><img decoding=\"async\" width=\"42\" height=\"41\" src=\"https:\/\/hendlex.lt\/wp-content\/uploads\/2022\/10\/Time.svg\" class=\"__media\" alt=\"Laiko piktograma\" title=\"\"><div class=\"__caption\"><h2 class=\"__captionEl __captionTitle\">GALIOJIMO LAIKAS <\/h2><div class=\"__captionEl __captionSubtitle\">1 metai<\/div><\/div><\/div><\/div><div class=\"splide__slide __slide elementor-repeater-item-6fc3eba\"><div class=\"rey-card --basic\"><img loading=\"lazy\" decoding=\"async\" width=\"17\" height=\"42\" src=\"https:\/\/hendlex.lt\/wp-content\/uploads\/2022\/10\/Temperature.svg\" class=\"__media\" alt=\"temperat\u016bros piktograma\" title=\"\"><div class=\"__caption\"><h2 class=\"__captionEl __captionTitle\">DENGIMO TEMPERAT\u016aRA <\/h2><div class=\"__captionEl __captionSubtitle\">Nuo +5 \u02daC iki +30 \u02daC <\/div><\/div><\/div><\/div><div class=\"splide__slide __slide elementor-repeater-item-a2f34e7\"><div class=\"rey-card --basic\"><img decoding=\"async\" width=\"42\" height=\"41\" src=\"https:\/\/hendlex.lt\/wp-content\/uploads\/2022\/10\/Time.svg\" class=\"__media\" alt=\"Laiko piktograma\" title=\"\"><div class=\"__caption\"><h2 class=\"__captionEl __captionTitle\">FORMAVIMOSI LAIKAS <\/h2><div class=\"__captionEl __captionSubtitle\">4 valandos<\/div><\/div><\/div><\/div><div class=\"splide__slide __slide elementor-repeater-item-adcb9fd\"><div class=\"rey-card --basic\"><img loading=\"lazy\" decoding=\"async\" width=\"33\" height=\"41\" src=\"https:\/\/hendlex.lt\/wp-content\/uploads\/2022\/10\/Vector-24.svg\" class=\"__media\" alt=\"sta\u010diakampio piktograma\" title=\"\"><div class=\"__caption\"><h2 class=\"__captionEl __captionTitle\">LAIKYMO S\u0104LYGOS <\/h2><div class=\"__captionEl __captionSubtitle\">Nuo +5 \u02daC iki +30 \u02daC<\/div><\/div><\/div><\/div><div class=\"splide__slide __slide elementor-repeater-item-58bd9e3\"><div class=\"rey-card --basic\"><img loading=\"lazy\" decoding=\"async\" width=\"39\" height=\"42\" src=\"https:\/\/hendlex.lt\/wp-content\/uploads\/2022\/10\/Group-1756.svg\" class=\"__media\" alt=\"langelio piktograma\" title=\"\"><div class=\"__caption\"><h2 class=\"__captionEl __captionTitle\">PAKUOT\u0116<\/h2><div class=\"__captionEl __captionSubtitle\">50 ml aliuminis buteliukas<\/div><\/div><\/div><\/div>\n\t\t\t\t<\/div>\n\t\t\t<\/div>\n\n\t\t\t\n\t\t<\/div>\n\t\t\t\t<div class=\"rey-sliderArrows arrows-a6815da-2847\" data-lazy-hidden>\n\t\t\t<div class=\"rey-arrowSvg rey-arrowSvg--left\" data-dir=\"<\"><svg aria-hidden=\"true\" role=\"img\" id=\"rey-icon-arrow-long-69d28d0af10ea\" class=\"rey-icon rey-icon-arrow-long  --default\" viewbox=\"0 0 50 8\"><path d=\"M0.928904706,3.0387609 L44.0113745,3.0387609 L44.0113745,4.97541883 L0.928904706,4.97541883 C0.415884803,4.97541883 2.13162821e-14,4.54188318 2.13162821e-14,4.00708986 C2.13162821e-14,3.47229655 0.415884803,3.0387609 0.928904706,3.0387609 Z\" class=\"rey-arrowSvg-dash\" style=\"transform:var(--i-dsh-tr,initial);transition:var(--i-trs,initial);transform-origin:100% 50%;\"><\/path><path d=\"M49.6399545,3.16320794 L45.1502484,0.129110528 C45.0056033,0.0532149593 44.8474869,0.0092610397 44.685796,3.99680289e-14 C44.5479741,0.0112891909 44.4144881,0.0554642381 44.2956561,0.129110528 C44.0242223,0.2506013 43.8503957,0.531340097 43.8559745,0.839218433 L43.8559745,6.90741326 C43.8503957,7.21529159 44.0242223,7.49603039 44.2956561,7.61752116 C44.5594727,7.77895738 44.8864318,7.77895738 45.1502484,7.61752116 L49.6399545,4.58342375 C49.8682741,4.42554586 50.0055358,4.15892769 50.0055358,3.87331584 C50.0055358,3.587704 49.8682741,3.32108583 49.6399545,3.16320794 Z\"><\/path><\/svg><\/div><div class=\"rey-arrowSvg rey-arrowSvg--right\" data-dir=\">\"><svg aria-hidden=\"true\" role=\"img\" id=\"rey-icon-arrow-long-69d28d0af1102\" class=\"rey-icon rey-icon-arrow-long  --default\" viewbox=\"0 0 50 8\"><path d=\"M0.928904706,3.0387609 L44.0113745,3.0387609 L44.0113745,4.97541883 L0.928904706,4.97541883 C0.415884803,4.97541883 2.13162821e-14,4.54188318 2.13162821e-14,4.00708986 C2.13162821e-14,3.47229655 0.415884803,3.0387609 0.928904706,3.0387609 Z\" class=\"rey-arrowSvg-dash\" style=\"transform:var(--i-dsh-tr,initial);transition:var(--i-trs,initial);transform-origin:100% 50%;\"><\/path><path d=\"M49.6399545,3.16320794 L45.1502484,0.129110528 C45.0056033,0.0532149593 44.8474869,0.0092610397 44.685796,3.99680289e-14 C44.5479741,0.0112891909 44.4144881,0.0554642381 44.2956561,0.129110528 C44.0242223,0.2506013 43.8503957,0.531340097 43.8559745,0.839218433 L43.8559745,6.90741326 C43.8503957,7.21529159 44.0242223,7.49603039 44.2956561,7.61752116 C44.5594727,7.77895738 44.8864318,7.77895738 45.1502484,7.61752116 L49.6399545,4.58342375 C49.8682741,4.42554586 50.0055358,4.15892769 50.0055358,3.87331584 C50.0055358,3.587704 49.8682741,3.32108583 49.6399545,3.16320794 Z\"><\/path><\/svg><\/div>\t\t<\/div>\n\n\t\t<\/div>\t\t\t\t<\/div>\n\t\t\t\t<\/div>\n\t\t\t\t\t<\/div>\n\t\t<\/div>\n\t\t\t\t\t<\/div>\n\t\t<\/section>\n\t\t\t\t<section class=\"rey-lazyBg elementor-section elementor-top-section elementor-element elementor-element-ad163a8 rey-section-stretched rey-section-bg--classic --zindexed-2 elementor-section-full_width elementor-section-height-min-height elementor-section-height-default elementor-section-items-middle\" data-id=\"ad163a8\" data-element_type=\"section\" data-e-type=\"section\" data-settings=\"{&quot;background_background&quot;:&quot;classic&quot;}\">\n\t\t\t\t\t\t\t<div class=\"elementor-background-overlay\"><\/div>\n\t\t\t\t\t\t\t<div class=\"elementor-container elementor-column-gap-default\">\n\t\t\t\t\t<div class=\"elementor-column elementor-col-100 elementor-top-column elementor-element elementor-element-28b0e95\" data-id=\"28b0e95\" data-element_type=\"column\" data-e-type=\"column\">\n\t\t\t<div class=\"elementor-column-wrap--28b0e95 elementor-widget-wrap\">\n\t\t\t\t\t\t\t<\/div>\n\t\t<\/div>\n\t\t\t\t\t<\/div>\n\t\t<\/section>\n\t\t\t\t<section class=\"elementor-section elementor-top-section elementor-element elementor-element-108aa4a elementor-section-boxed elementor-section-height-default elementor-section-height-default\" data-id=\"108aa4a\" data-element_type=\"section\" data-e-type=\"section\">\n\t\t\t\t\t\t<div class=\"elementor-container elementor-column-gap-default\">\n\t\t\t\t\t<div class=\"elementor-column elementor-col-50 elementor-top-column elementor-element elementor-element-a2946c1\" data-id=\"a2946c1\" data-element_type=\"column\" data-e-type=\"column\">\n\t\t\t<div class=\"elementor-column-wrap--a2946c1 elementor-widget-wrap elementor-element-populated\">\n\t\t\t\t\t\t<div class=\"elementor-element elementor-element-d6685ec elementor-widget elementor-widget-heading\" data-id=\"d6685ec\" data-element_type=\"widget\" data-e-type=\"widget\" data-widget_type=\"heading.default\">\n\t\t\t\t<div class=\"elementor-widget-container\">\n\t\t\t\t\t<h2 class=\"elementor-heading-title elementor-size-default\">NAUDOJIMAS<\/h2>\t\t\t\t<\/div>\n\t\t\t\t<\/div>\n\t\t\t\t<div class=\"elementor-element elementor-element-5723124 --zindexed-2 elementor-widget elementor-widget-text-editor\" data-id=\"5723124\" data-element_type=\"widget\" data-e-type=\"widget\" data-widget_type=\"text-editor.default\">\n\t\t\t\t<div class=\"elementor-widget-container\">\n\t\t\t\t\t\t\t\t\t<p>Pavir\u0161ius turi b\u016bti visi\u0161kai \u0161varus, neriebus ir sausas. Priemon\u0119 mink\u0161ta \u0161luoste \u012ftrinti \u012f pavir\u0161i\u0173, palaukti 5 minutes ir nublizginti. Dengti ne \u017eemesn\u0117je nei +5 \u00b0C laipsni\u0173 temperat\u016broje.<\/p>\t\t\t\t\t\t\t\t<\/div>\n\t\t\t\t<\/div>\n\t\t\t\t<div class=\"elementor-element elementor-element-9cef343 elementor-absolute --zindexed-1 elementor-widget elementor-widget-image\" data-id=\"9cef343\" data-element_type=\"widget\" data-e-type=\"widget\" data-settings=\"{&quot;_position&quot;:&quot;absolute&quot;}\" data-widget_type=\"image.default\">\n\t\t\t\t<div class=\"elementor-widget-container\">\n\t\t\t\t\t\t\t\t\t\t\t\t\t\t\t<img loading=\"lazy\" decoding=\"async\" width=\"592\" height=\"460\" src=\"https:\/\/hendlex.lt\/wp-content\/uploads\/2022\/12\/Vector-5-1.webp\" class=\"attachment-large size-large wp-image-7427\" alt=\"Vektorius-5-1\" srcset=\"https:\/\/hendlex.lt\/wp-content\/uploads\/2022\/12\/Vector-5-1.webp 592w, https:\/\/hendlex.lt\/wp-content\/uploads\/2022\/12\/Vector-5-1-300x233.webp 300w, https:\/\/hendlex.lt\/wp-content\/uploads\/2022\/12\/Vector-5-1-15x12.webp 15w\" sizes=\"(max-width: 592px) 100vw, 592px\" title=\"\">\t\t\t\t\t\t\t\t\t\t\t\t\t\t\t<\/div>\n\t\t\t\t<\/div>\n\t\t\t\t\t<\/div>\n\t\t<\/div>\n\t\t\t\t<div class=\"elementor-column elementor-col-50 elementor-top-column elementor-element elementor-element-847a289\" data-id=\"847a289\" data-element_type=\"column\" data-e-type=\"column\">\n\t\t\t<div class=\"elementor-column-wrap--847a289 elementor-widget-wrap elementor-element-populated\">\n\t\t\t\t\t\t<div class=\"elementor-element elementor-element-9399751 --zindexed-2 elementor-widget elementor-widget-heading\" data-id=\"9399751\" data-element_type=\"widget\" data-e-type=\"widget\" data-widget_type=\"heading.default\">\n\t\t\t\t<div class=\"elementor-widget-container\">\n\t\t\t\t\t<h2 class=\"elementor-heading-title elementor-size-default\">D\u0116MESIO!<\/h2>\t\t\t\t<\/div>\n\t\t\t\t<\/div>\n\t\t\t\t<div class=\"elementor-element elementor-element-9226a10 --zindexed-2 elementor-widget elementor-widget-text-editor\" data-id=\"9226a10\" data-element_type=\"widget\" data-e-type=\"widget\" data-widget_type=\"text-editor.default\">\n\t\t\t\t<div class=\"elementor-widget-container\">\n\t\t\t\t\t\t\t\t\t<p>Priemoni\u0173 naudojimui tinkama temperat\u016bra +5 \u00b0C \u2013 +25 \u00b0C. Pakuotes laikyti sandariai u\u017edarytas, apsaugotas nuo tiesiogini\u0173 saul\u0117s spinduli\u0173 ir u\u017e\u0161alimo. Priemones naudoti gerai v\u0117dinamose patalpose. Laikyti vaikams neprieinamoje vietoje.<\/p>\t\t\t\t\t\t\t\t<\/div>\n\t\t\t\t<\/div>\n\t\t\t\t\t<\/div>\n\t\t<\/div>\n\t\t\t\t\t<\/div>\n\t\t<\/section>\n\t\t\t\t<section class=\"elementor-section elementor-top-section elementor-element elementor-element-65a5b09 elementor-section-boxed elementor-section-height-default elementor-section-height-default\" data-id=\"65a5b09\" data-element_type=\"section\" data-e-type=\"section\">\n\t\t\t\t\t\t<div class=\"elementor-container elementor-column-gap-default\">\n\t\t\t\t\t<div class=\"elementor-column elementor-col-100 elementor-top-column elementor-element elementor-element-870a039\" data-id=\"870a039\" data-element_type=\"column\" data-e-type=\"column\">\n\t\t\t<div class=\"elementor-column-wrap--870a039 elementor-widget-wrap elementor-element-populated\">\n\t\t\t\t\t\t<div class=\"elementor-element elementor-element-5c5c7b7 elementor-widget elementor-widget-text-editor\" data-id=\"5c5c7b7\" data-element_type=\"widget\" data-e-type=\"widget\" data-widget_type=\"text-editor.default\">\n\t\t\t\t<div class=\"elementor-widget-container\">\n\t\t\t\t\t\t\t\t\t<p>Raskite daugiau produkt\u0173 namams <strong><em><a href=\"https:\/\/hendlex.lt\/lt\/produkto-kategorija\/namai\/\">\u010dia<\/a><\/em> <\/strong>\/ Jei turite klausim\u0173 apie produkt\u0105, pra\u0161ome <strong><em><a href=\"https:\/\/hendlex.lt\/lt\/testas\/susisiekite-su-mumis\/\">Susisiekite su mumis<\/a><\/em><\/strong><\/p>\t\t\t\t\t\t\t\t<\/div>\n\t\t\t\t<\/div>\n\t\t\t\t<div class=\"elementor-element elementor-element-daa4d00 elementor-hidden-desktop elementor-hidden-tablet elementor-hidden-mobile elementor-widget elementor-widget-text-editor\" data-id=\"daa4d00\" data-element_type=\"widget\" data-e-type=\"widget\" data-widget_type=\"text-editor.default\">\n\t\t\t\t<div class=\"elementor-widget-container\">\n\t\t\t\t\t\t\t\t\t<p>Tai apsaugin\u0117 nano danga, skirta \u012fvairi\u0173 buitini\u0173 prietais\u0173 metalin\u0117ms ir plastikin\u0117ms dalims. Padengtas pavir\u0161ius atstumia vanden\u012f ir aliej\u0173, tod\u0117l valyti lengva ir nesud\u0117tinga.<\/p>\t\t\t\t\t\t\t\t<\/div>\n\t\t\t\t<\/div>\n\t\t\t\t\t<\/div>\n\t\t<\/div>\n\t\t\t\t\t<\/div>\n\t\t<\/section>\n\t\t\t\t<\/div>","protected":false},"excerpt":{"rendered":"<p>Tai apsaugin\u0117 nano danga, skirta \u012fvairi\u0173 buitini\u0173 prietais\u0173 metalin\u0117ms ir plastikin\u0117ms dalims. Padengtas pavir\u0161ius atstumia vanden\u012f ir aliej\u0173, tod\u0117l valyti lengva ir nesud\u0117tinga.<\/p>","protected":false},"featured_media":7486,"template":"","meta":{"_acf_changed":false},"product_cat":[43,42],"product_tag":[],"class_list":{"0":"post-2847","1":"product","2":"type-product","3":"status-publish","4":"has-post-thumbnail","6":"product_cat-auto","7":"product_cat-home","9":"first","10":"instock","11":"taxable","12":"shipping-taxable","13":"purchasable","14":"product-type-simple","swatches":"rey-swatches","show_selected":""},"acf":[],"_links":{"self":[{"href":"https:\/\/hendlex.lt\/lt\/wp-json\/wp\/v2\/product\/2847","targetHints":{"allow":["GET"]}}],"collection":[{"href":"https:\/\/hendlex.lt\/lt\/wp-json\/wp\/v2\/product"}],"about":[{"href":"https:\/\/hendlex.lt\/lt\/wp-json\/wp\/v2\/types\/product"}],"version-history":[{"count":1,"href":"https:\/\/hendlex.lt\/lt\/wp-json\/wp\/v2\/product\/2847\/revisions"}],"predecessor-version":[{"id":10882,"href":"https:\/\/hendlex.lt\/lt\/wp-json\/wp\/v2\/product\/2847\/revisions\/10882"}],"wp:featuredmedia":[{"embeddable":true,"href":"https:\/\/hendlex.lt\/lt\/wp-json\/wp\/v2\/media\/7486"}],"wp:attachment":[{"href":"https:\/\/hendlex.lt\/lt\/wp-json\/wp\/v2\/media?parent=2847"}],"wp:term":[{"taxonomy":"product_cat","embeddable":true,"href":"https:\/\/hendlex.lt\/lt\/wp-json\/wp\/v2\/product_cat?post=2847"},{"taxonomy":"product_tag","embeddable":true,"href":"https:\/\/hendlex.lt\/lt\/wp-json\/wp\/v2\/product_tag?post=2847"}],"curies":[{"name":"wp","href":"https:\/\/api.w.org\/{rel}","templated":true}]}}