{"id":9367,"date":"2024-06-18T13:12:02","date_gmt":"2024-06-18T10:12:02","guid":{"rendered":"https:\/\/hendlex.lt\/?post_type=product&#038;p=8973"},"modified":"2025-11-08T11:46:35","modified_gmt":"2025-11-08T09:46:35","slug":"dt1300-drying-towel","status":"publish","type":"product","link":"https:\/\/hendlex.lt\/lt\/produktas\/dt1300-drying-towel\/","title":{"rendered":"DT1300 Drying Towel"},"content":{"rendered":"<div data-elementor-type=\"product-post\" data-elementor-id=\"9367\" class=\"elementor elementor-9367\" data-elementor-post-type=\"product\">\n\t\t\t\t\t\t<section class=\"elementor-section elementor-top-section elementor-element elementor-element-826c856 elementor-section-boxed elementor-section-height-default elementor-section-height-default\" data-id=\"826c856\" data-element_type=\"section\" data-e-type=\"section\">\n\t\t\t\t\t\t<div class=\"elementor-container elementor-column-gap-default\">\n\t\t\t\t\t<div class=\"elementor-column elementor-col-100 elementor-top-column elementor-element elementor-element-d785d6b\" data-id=\"d785d6b\" data-element_type=\"column\" data-e-type=\"column\">\n\t\t\t<div class=\"elementor-column-wrap--d785d6b elementor-widget-wrap elementor-element-populated\">\n\t\t\t\t\t\t<div class=\"elementor-element elementor-element-5f48461 elementor-widget elementor-widget-heading\" data-id=\"5f48461\" data-element_type=\"widget\" data-e-type=\"widget\" data-widget_type=\"heading.default\">\n\t\t\t\t<div class=\"elementor-widget-container\">\n\t\t\t\t\t<h2 class=\"elementor-heading-title elementor-size-default\">PRODUKTO SPECIFIKACIJOS<\/h2>\t\t\t\t<\/div>\n\t\t\t\t<\/div>\n\t\t\t\t<div class=\"elementor-element elementor-element-8ab4b00 elementor-widget elementor-widget-heading\" data-id=\"8ab4b00\" data-element_type=\"widget\" data-e-type=\"widget\" data-widget_type=\"heading.default\">\n\t\t\t\t<div class=\"elementor-widget-container\">\n\t\t\t\t\t<h2 class=\"elementor-heading-title elementor-size-default\">PRODUKTO SPECIFIKACIJOS<\/h2>\t\t\t\t<\/div>\n\t\t\t\t<\/div>\n\t\t\t\t<div class=\"elementor-element elementor-element-f4b3e24 elementor-widget-divider--view-line elementor-widget elementor-widget-divider\" data-id=\"f4b3e24\" data-element_type=\"widget\" data-e-type=\"widget\" data-widget_type=\"divider.default\">\n\t\t\t\t<div class=\"elementor-widget-container\">\n\t\t\t\t\t\t\t<div class=\"elementor-divider\">\n\t\t\t<span class=\"elementor-divider-separator\">\n\t\t\t\t\t\t<\/span>\n\t\t<\/div>\n\t\t\t\t\t\t<\/div>\n\t\t\t\t<\/div>\n\t\t\t\t<div class=\"elementor-element elementor-element-d3c0555 elementor-widget elementor-widget-reycore-carousel\" data-id=\"d3c0555\" data-element_type=\"widget\" data-e-type=\"widget\" data-widget_type=\"reycore-carousel.default\">\n\t\t\t\t<div class=\"elementor-widget-container\">\n\t\t\t\t\t<div data-layout=\"basic\" class=\"rey-carouselEl --custom --direction-ltr rey-sliderComp-nav\" data-carousel-settings=\"{&quot;type&quot;:&quot;slide&quot;,&quot;direction&quot;:&quot;ltr&quot;,&quot;items_to_show&quot;:&quot;4&quot;,&quot;infinite&quot;:true,&quot;autoplay&quot;:false,&quot;pauseOnHover&quot;:false,&quot;interval&quot;:9000,&quot;customArrows&quot;:&quot;arrows-d3c0555-9367&quot;,&quot;pagination&quot;:false,&quot;speed&quot;:700,&quot;c_padding&quot;:{&quot;unit&quot;:&quot;px&quot;,&quot;top&quot;:&quot;&quot;,&quot;right&quot;:&quot;&quot;,&quot;bottom&quot;:&quot;&quot;,&quot;left&quot;:&quot;&quot;,&quot;isLinked&quot;:true},&quot;uniqueID&quot;:&quot;carousel-638fa0907a53c&quot;,&quot;targetSync&quot;:&quot;&quot;,&quot;free_drag&quot;:[],&quot;lazy_load&quot;:false,&quot;autoscroll&quot;:&quot;&quot;,&quot;autoscroll_rewind&quot;:false,&quot;autoscroll_pause_hover&quot;:false,&quot;bp_devices&quot;:{&quot;perPage&quot;:&quot;items_to_show&quot;,&quot;padding&quot;:&quot;c_padding&quot;},&quot;items_to_show_mobile&quot;:&quot;1&quot;,&quot;items_to_show_tablet&quot;:&quot;2&quot;}\">\n\t\t<div class=\"splide carousel-638fa0907a53c\" data-slider-carousel-id=\"carousel-638fa0907a53c\">\n\t\t\t<div class=\"splide__track\">\n\t\t\t\t<div class=\"splide__list __slides\">\n\n\t\t\t\t\t<div class=\"splide__slide __slide elementor-repeater-item-b41041a\"><div class=\"rey-card --basic\"><img decoding=\"async\" width=\"59\" height=\"35\" src=\"https:\/\/hendlex.lt\/wp-content\/uploads\/2025\/03\/Material.svg\" class=\"__media\" alt=\"\" title=\"\"><div class=\"__caption\"><h2 class=\"__captionEl __captionTitle\">PAVIR\u0160IAI <\/h2><div class=\"__captionEl __captionSubtitle\">Skirtas intensyviam automobili\u0173, sunkve\u017eimi\u0173 ir kit\u0173 transporto priemoni\u0173 d\u017eiovinimui<\/div><\/div><\/div><\/div><div class=\"splide__slide __slide elementor-repeater-item-057f5ed\"><div class=\"rey-card --basic\"><img decoding=\"async\" width=\"39\" height=\"40\" src=\"https:\/\/hendlex.lt\/wp-content\/uploads\/2025\/03\/Icon.svg\" class=\"__media\" alt=\"\" title=\"\"><div class=\"__caption\"><h2 class=\"__captionEl __captionTitle\">ILGAAM\u017dI\u0160KUMAS<\/h2><div class=\"__captionEl __captionSubtitle\">Plaunamas produktas<\/div><\/div><\/div><\/div><div class=\"splide__slide __slide elementor-repeater-item-adcb9fd\"><div class=\"rey-card --basic\"><img decoding=\"async\" width=\"33\" height=\"41\" src=\"https:\/\/hendlex.lt\/wp-content\/uploads\/2025\/03\/Vector-24.svg\" class=\"__media\" alt=\"\" title=\"\"><div class=\"__caption\"><h2 class=\"__captionEl __captionTitle\">MATERIALAS <\/h2><div class=\"__captionEl __captionSubtitle\">Auk\u0161tos kokyb\u0117s \u201etwisted loop\u201c tipo rank\u0161luostis, 1300 GSM tankio<\/div><\/div><\/div><\/div><div class=\"splide__slide __slide elementor-repeater-item-a2f34e7\"><div class=\"rey-card --basic\"><img loading=\"lazy\" decoding=\"async\" width=\"42\" height=\"41\" src=\"https:\/\/hendlex.lt\/wp-content\/uploads\/2025\/03\/Time.svg\" class=\"__media\" alt=\"\" title=\"\"><div class=\"__caption\"><h2 class=\"__captionEl __captionTitle\">SAVYB\u0116S<\/h2><div class=\"__captionEl __captionSubtitle\">Ypa\u010d greitai ir gerai sugeriantis dr\u0117gm\u0119. D\u017eiovinimas be dry\u017ei\u0173.<\/div><\/div><\/div><\/div>\n\t\t\t\t<\/div>\n\t\t\t<\/div>\n\n\t\t\t\n\t\t<\/div>\n\t\t\t\t<div class=\"rey-sliderArrows arrows-d3c0555-9367\" data-lazy-hidden>\n\t\t\t<div class=\"rey-arrowSvg rey-arrowSvg--left\" data-dir=\"<\"><svg aria-hidden=\"true\" role=\"img\" id=\"rey-icon-arrow-long-69d2a76156524\" class=\"rey-icon rey-icon-arrow-long  --default\" viewbox=\"0 0 50 8\"><path d=\"M0.928904706,3.0387609 L44.0113745,3.0387609 L44.0113745,4.97541883 L0.928904706,4.97541883 C0.415884803,4.97541883 2.13162821e-14,4.54188318 2.13162821e-14,4.00708986 C2.13162821e-14,3.47229655 0.415884803,3.0387609 0.928904706,3.0387609 Z\" class=\"rey-arrowSvg-dash\" style=\"transform:var(--i-dsh-tr,initial);transition:var(--i-trs,initial);transform-origin:100% 50%;\"><\/path><path d=\"M49.6399545,3.16320794 L45.1502484,0.129110528 C45.0056033,0.0532149593 44.8474869,0.0092610397 44.685796,3.99680289e-14 C44.5479741,0.0112891909 44.4144881,0.0554642381 44.2956561,0.129110528 C44.0242223,0.2506013 43.8503957,0.531340097 43.8559745,0.839218433 L43.8559745,6.90741326 C43.8503957,7.21529159 44.0242223,7.49603039 44.2956561,7.61752116 C44.5594727,7.77895738 44.8864318,7.77895738 45.1502484,7.61752116 L49.6399545,4.58342375 C49.8682741,4.42554586 50.0055358,4.15892769 50.0055358,3.87331584 C50.0055358,3.587704 49.8682741,3.32108583 49.6399545,3.16320794 Z\"><\/path><\/svg><\/div><div class=\"rey-arrowSvg rey-arrowSvg--right\" data-dir=\">\"><svg aria-hidden=\"true\" role=\"img\" id=\"rey-icon-arrow-long-69d2a7615653a\" class=\"rey-icon rey-icon-arrow-long  --default\" viewbox=\"0 0 50 8\"><path d=\"M0.928904706,3.0387609 L44.0113745,3.0387609 L44.0113745,4.97541883 L0.928904706,4.97541883 C0.415884803,4.97541883 2.13162821e-14,4.54188318 2.13162821e-14,4.00708986 C2.13162821e-14,3.47229655 0.415884803,3.0387609 0.928904706,3.0387609 Z\" class=\"rey-arrowSvg-dash\" style=\"transform:var(--i-dsh-tr,initial);transition:var(--i-trs,initial);transform-origin:100% 50%;\"><\/path><path d=\"M49.6399545,3.16320794 L45.1502484,0.129110528 C45.0056033,0.0532149593 44.8474869,0.0092610397 44.685796,3.99680289e-14 C44.5479741,0.0112891909 44.4144881,0.0554642381 44.2956561,0.129110528 C44.0242223,0.2506013 43.8503957,0.531340097 43.8559745,0.839218433 L43.8559745,6.90741326 C43.8503957,7.21529159 44.0242223,7.49603039 44.2956561,7.61752116 C44.5594727,7.77895738 44.8864318,7.77895738 45.1502484,7.61752116 L49.6399545,4.58342375 C49.8682741,4.42554586 50.0055358,4.15892769 50.0055358,3.87331584 C50.0055358,3.587704 49.8682741,3.32108583 49.6399545,3.16320794 Z\"><\/path><\/svg><\/div>\t\t<\/div>\n\n\t\t<\/div>\t\t\t\t<\/div>\n\t\t\t\t<\/div>\n\t\t\t\t\t<\/div>\n\t\t<\/div>\n\t\t\t\t\t<\/div>\n\t\t<\/section>\n\t\t\t\t<section class=\"rey-lazyBg elementor-section elementor-top-section elementor-element elementor-element-3a6a900 rey-section-stretched rey-section-bg--classic --zindexed-2 elementor-section-full_width elementor-section-height-min-height elementor-section-height-default elementor-section-items-middle\" data-id=\"3a6a900\" data-element_type=\"section\" data-e-type=\"section\" data-settings=\"{&quot;background_background&quot;:&quot;classic&quot;}\">\n\t\t\t\t\t\t\t<div class=\"elementor-background-overlay\"><\/div>\n\t\t\t\t\t\t\t<div class=\"elementor-container elementor-column-gap-default\">\n\t\t\t\t\t<div class=\"elementor-column elementor-col-100 elementor-top-column elementor-element elementor-element-6c54297\" data-id=\"6c54297\" data-element_type=\"column\" data-e-type=\"column\">\n\t\t\t<div class=\"elementor-column-wrap--6c54297 elementor-widget-wrap\">\n\t\t\t\t\t\t\t<\/div>\n\t\t<\/div>\n\t\t\t\t\t<\/div>\n\t\t<\/section>\n\t\t\t\t<section class=\"rey-lazyBg elementor-section elementor-top-section elementor-element elementor-element-fa0130c rey-section-stretched rey-section-bg--classic --zindexed-2 elementor-section-boxed elementor-section-height-default elementor-section-height-default\" data-id=\"fa0130c\" data-element_type=\"section\" data-e-type=\"section\" data-settings=\"{&quot;background_background&quot;:&quot;classic&quot;}\">\n\t\t\t\t\t\t<div class=\"elementor-container elementor-column-gap-default\">\n\t\t\t\t\t<div class=\"elementor-column elementor-col-100 elementor-top-column elementor-element elementor-element-b60cd97\" data-id=\"b60cd97\" data-element_type=\"column\" data-e-type=\"column\">\n\t\t\t<div class=\"elementor-column-wrap--b60cd97 elementor-widget-wrap elementor-element-populated\">\n\t\t\t\t\t\t<section class=\"elementor-section elementor-inner-section elementor-element elementor-element-792f886 elementor-section-boxed elementor-section-height-default elementor-section-height-default\" data-id=\"792f886\" data-element_type=\"section\" data-e-type=\"section\">\n\t\t\t\t\t\t<div class=\"elementor-container elementor-column-gap-default\">\n\t\t\t\t\t<div class=\"elementor-column elementor-col-50 elementor-inner-column elementor-element elementor-element-af1c0ac\" data-id=\"af1c0ac\" data-element_type=\"column\" data-e-type=\"column\">\n\t\t\t<div class=\"elementor-column-wrap--af1c0ac elementor-widget-wrap elementor-element-populated\">\n\t\t\t\t\t\t<div class=\"elementor-element elementor-element-622a756 elementor-widget elementor-widget-heading\" data-id=\"622a756\" data-element_type=\"widget\" data-e-type=\"widget\" data-widget_type=\"heading.default\">\n\t\t\t\t<div class=\"elementor-widget-container\">\n\t\t\t\t\t<h2 class=\"elementor-heading-title elementor-size-default\">PREPARE CATEGORY \/<br>DRYING TOWEL<\/h2>\t\t\t\t<\/div>\n\t\t\t\t<\/div>\n\t\t\t\t\t<\/div>\n\t\t<\/div>\n\t\t\t\t<div class=\"elementor-column elementor-col-50 elementor-inner-column elementor-element elementor-element-20d1fdd\" data-id=\"20d1fdd\" data-element_type=\"column\" data-e-type=\"column\">\n\t\t\t<div class=\"elementor-column-wrap--20d1fdd elementor-widget-wrap elementor-element-populated\">\n\t\t\t\t\t\t<div class=\"elementor-element elementor-element-bfdb9ff elementor-widget elementor-widget-text-editor\" data-id=\"bfdb9ff\" data-element_type=\"widget\" data-e-type=\"widget\" data-widget_type=\"text-editor.default\">\n\t\t\t\t<div class=\"elementor-widget-container\">\n\t\t\t\t\t\t\t\t\t<p>Galutinis transporto priemoni\u0173 d\u017eiovinimo sprendimas<\/p><p>Reikia rank\u0161luos\u010dio, galin\u010dio susidoroti su pa\u010diais sud\u0117tingiausiais d\u017eiovinimo darbais? Rinkis DT1300 d\u017eiovinimo rank\u0161luost\u012f \u2013 sukurt\u0105 intensyviam ir profesionaliam naudojimui. D\u0117l didelio 1300GSM tankio ir auk\u0161tos kokyb\u0117s med\u017eiag\u0173 jis u\u017etikrina maksimal\u0173 vandens sug\u0117rim\u0105 bei \u0161veln\u0173 pavir\u0161i\u0173 valym\u0105 \u2013 idealiai tinka automobiliams, sunkve\u017eimiams ir ne tik.<\/p>\t\t\t\t\t\t\t\t<\/div>\n\t\t\t\t<\/div>\n\t\t\t\t\t<\/div>\n\t\t<\/div>\n\t\t\t\t\t<\/div>\n\t\t<\/section>\n\t\t\t\t\t<\/div>\n\t\t<\/div>\n\t\t\t\t\t<\/div>\n\t\t<\/section>\n\t\t\t\t<section class=\"elementor-section elementor-top-section elementor-element elementor-element-219dee6 elementor-section-boxed elementor-section-height-default elementor-section-height-default\" data-id=\"219dee6\" data-element_type=\"section\" data-e-type=\"section\">\n\t\t\t\t\t\t<div class=\"elementor-container elementor-column-gap-default\">\n\t\t\t\t\t<div class=\"elementor-column elementor-col-50 elementor-top-column elementor-element elementor-element-33f4877\" data-id=\"33f4877\" data-element_type=\"column\" data-e-type=\"column\">\n\t\t\t<div class=\"elementor-column-wrap--33f4877 elementor-widget-wrap elementor-element-populated\">\n\t\t\t\t\t\t<div class=\"elementor-element elementor-element-b66e2f4 elementor-widget elementor-widget-heading\" data-id=\"b66e2f4\" data-element_type=\"widget\" data-e-type=\"widget\" data-widget_type=\"heading.default\">\n\t\t\t\t<div class=\"elementor-widget-container\">\n\t\t\t\t\t<h2 class=\"elementor-heading-title elementor-size-default\">KAIP PLAUTI<\/h2>\t\t\t\t<\/div>\n\t\t\t\t<\/div>\n\t\t\t\t<div class=\"elementor-element elementor-element-f53514e --zindexed-2 elementor-widget elementor-widget-text-editor\" data-id=\"f53514e\" data-element_type=\"widget\" data-e-type=\"widget\" data-widget_type=\"text-editor.default\">\n\t\t\t\t<div class=\"elementor-widget-container\">\n\t\t\t\t\t\t\t\t\t<p>Skalbti skalbimo ma\u0161inoje \u0161altame vandenyje \u0161velniu re\u017eimu arba rankomis, naudojant \u0161veln\u0173 muil\u0105.<\/p><p><strong><b>PASTABA:<\/b><\/strong> In order to dry the car successfully, clean and high-quality drying towel fabric is necessary.<\/p>\t\t\t\t\t\t\t\t<\/div>\n\t\t\t\t<\/div>\n\t\t\t\t<div class=\"elementor-element elementor-element-8fdc079 elementor-absolute --zindexed-1 elementor-widget elementor-widget-image\" data-id=\"8fdc079\" data-element_type=\"widget\" data-e-type=\"widget\" data-settings=\"{&quot;_position&quot;:&quot;absolute&quot;}\" data-widget_type=\"image.default\">\n\t\t\t\t<div class=\"elementor-widget-container\">\n\t\t\t\t\t\t\t\t\t\t\t\t\t\t\t<img loading=\"lazy\" decoding=\"async\" width=\"592\" height=\"460\" src=\"https:\/\/hendlex.lt\/wp-content\/uploads\/2025\/03\/Vector-5-1.webp\" class=\"attachment-large size-large wp-image-10838\" alt=\"\" srcset=\"https:\/\/hendlex.lt\/wp-content\/uploads\/2025\/03\/Vector-5-1.webp 592w, https:\/\/hendlex.lt\/wp-content\/uploads\/2025\/03\/Vector-5-1-300x233.webp 300w, https:\/\/hendlex.lt\/wp-content\/uploads\/2025\/03\/Vector-5-1-15x12.webp 15w\" sizes=\"(max-width: 592px) 100vw, 592px\" title=\"\">\t\t\t\t\t\t\t\t\t\t\t\t\t\t\t<\/div>\n\t\t\t\t<\/div>\n\t\t\t\t\t<\/div>\n\t\t<\/div>\n\t\t\t\t<div class=\"elementor-column elementor-col-50 elementor-top-column elementor-element elementor-element-3ae7068\" data-id=\"3ae7068\" data-element_type=\"column\" data-e-type=\"column\">\n\t\t\t<div class=\"elementor-column-wrap--3ae7068 elementor-widget-wrap elementor-element-populated\">\n\t\t\t\t\t\t<div class=\"elementor-element elementor-element-df2d2cd --zindexed-2 elementor-widget elementor-widget-heading\" data-id=\"df2d2cd\" data-element_type=\"widget\" data-e-type=\"widget\" data-widget_type=\"heading.default\">\n\t\t\t\t<div class=\"elementor-widget-container\">\n\t\t\t\t\t<h2 class=\"elementor-heading-title elementor-size-default\">KAIP I\u0160D\u017dIOVINTI<\/h2>\t\t\t\t<\/div>\n\t\t\t\t<\/div>\n\t\t\t\t<div class=\"elementor-element elementor-element-4996035 --zindexed-2 elementor-widget elementor-widget-text-editor\" data-id=\"4996035\" data-element_type=\"widget\" data-e-type=\"widget\" data-widget_type=\"text-editor.default\">\n\t\t\t\t<div class=\"elementor-widget-container\">\n\t\t\t\t\t\t\t\t\t<p>D\u017eiovinti nat\u016braliai ore arba d\u017eiovykl\u0117je \u017eemoje temperat\u016broje.<\/p>\t\t\t\t\t\t\t\t<\/div>\n\t\t\t\t<\/div>\n\t\t\t\t\t<\/div>\n\t\t<\/div>\n\t\t\t\t\t<\/div>\n\t\t<\/section>\n\t\t\t\t<section class=\"elementor-section elementor-top-section elementor-element elementor-element-b3907e2 --zindexed-1 elementor-section-boxed elementor-section-height-default elementor-section-height-default\" data-id=\"b3907e2\" data-element_type=\"section\" data-e-type=\"section\">\n\t\t\t\t\t\t<div class=\"elementor-container elementor-column-gap-default\">\n\t\t\t\t\t<div class=\"elementor-column elementor-col-100 elementor-top-column elementor-element elementor-element-79107a4\" data-id=\"79107a4\" data-element_type=\"column\" data-e-type=\"column\">\n\t\t\t<div class=\"elementor-column-wrap--79107a4 elementor-widget-wrap elementor-element-populated\">\n\t\t\t\t\t\t<div class=\"elementor-element elementor-element-1897a5a elementor-widget elementor-widget-text-editor\" data-id=\"1897a5a\" data-element_type=\"widget\" data-e-type=\"widget\" data-widget_type=\"text-editor.default\">\n\t\t\t\t<div class=\"elementor-widget-container\">\n\t\t\t\t\t\t\t\t\t<p>Raskite daugiau produkt\u0173 automobiliams <strong><em><a href=\"https:\/\/hendlex.com\/product-category\/auto\/\" target=\"_blank\" rel=\"noopener\">\u010dia<\/a><\/em> <\/strong>\/ Jei turite klausim\u0173 apie produkt\u0105, pra\u0161ome <strong><em><a href=\"https:\/\/hendlex.com\/contact-us\/\" target=\"_blank\" rel=\"noopener\">Susisiekite su mumis<\/a><\/em><\/strong><\/p>\t\t\t\t\t\t\t\t<\/div>\n\t\t\t\t<\/div>\n\t\t\t\t<div class=\"elementor-element elementor-element-34dfc92 elementor-hidden-desktop elementor-hidden-tablet elementor-hidden-mobile elementor-widget elementor-widget-text-editor\" data-id=\"34dfc92\" data-element_type=\"widget\" data-e-type=\"widget\" data-widget_type=\"text-editor.default\">\n\t\t\t\t<div class=\"elementor-widget-container\">\n\t\t\t\t\t\t\t\t\t<p>STREAK-FREE DRYING<\/p><p>DT1300 d\u017eiovinimo rank\u0161luostis \u2013 tai itin efektyvi priemon\u0117 dideli\u0173 pavir\u0161i\u0173 d\u017eiovinimui. Specialiai sukurtas intensyviam naudojimui automobili\u0173, sunkve\u017eimi\u0173 ir kit\u0173 transporto priemoni\u0173 prie\u017ei\u016broje, \u0161is rank\u0161luostis, turintis 1300GSM tank\u012f ir auk\u0161tos kokyb\u0117s med\u017eiag\u0105, u\u017etikrina maksimal\u0173 vandens sug\u0117rim\u0105 bei \u0161veln\u0173 pavir\u0161i\u0173 valym\u0105. D\u0117l unikalios dvigubo sluoksnio strukt\u016bros jis efektyviai pa\u0161alina vandens la\u0161us, nepalikdamas d\u0117mi\u0173 ar dry\u017ei\u0173. Rekomenduojama naudoti be papildom\u0173 chemikal\u0173, kad b\u016bt\u0173 i\u0161laikytas ilgaam\u017ei\u0161kumas ir optimalus veikimas.<\/p>\t\t\t\t\t\t\t\t<\/div>\n\t\t\t\t<\/div>\n\t\t\t\t\t<\/div>\n\t\t<\/div>\n\t\t\t\t\t<\/div>\n\t\t<\/section>\n\t\t\t\t<\/div>","protected":false},"excerpt":{"rendered":"<p>DT1300 d\u017eiovinimo rank\u0161luostis \u2013 tai itin efektyvi priemon\u0117 dideli\u0173 pavir\u0161i\u0173 d\u017eiovinimui. Specialiai sukurtas intensyviam naudojimui automobili\u0173, sunkve\u017eimi\u0173 ir kit\u0173 transporto priemoni\u0173 prie\u017ei\u016broje, \u0161is rank\u0161luostis, turintis 1300GSM tank\u012f ir auk\u0161tos kokyb\u0117s med\u017eiag\u0105, u\u017etikrina maksimal\u0173 vandens sug\u0117rim\u0105 bei \u0161veln\u0173 pavir\u0161i\u0173 valym\u0105. D\u0117l unikalios dvigubo sluoksnio strukt\u016bros jis efektyviai pa\u0161alina vandens la\u0161us, nepalikdamas d\u0117mi\u0173 ar dry\u017ei\u0173. Rekomenduojama naudoti be papildom\u0173 chemikal\u0173, kad b\u016bt\u0173 i\u0161laikytas ilgaam\u017ei\u0161kumas ir optimalus veikimas.<\/p>\n<p>&nbsp;<\/p>","protected":false},"featured_media":10817,"template":"","meta":{"_acf_changed":false},"product_cat":[43],"product_tag":[],"class_list":{"0":"post-9367","1":"product","2":"type-product","3":"status-publish","4":"has-post-thumbnail","6":"product_cat-auto","8":"first","9":"instock","10":"taxable","11":"shipping-taxable","12":"purchasable","13":"product-type-simple","swatches":"rey-swatches","show_selected":""},"acf":[],"_links":{"self":[{"href":"https:\/\/hendlex.lt\/lt\/wp-json\/wp\/v2\/product\/9367","targetHints":{"allow":["GET"]}}],"collection":[{"href":"https:\/\/hendlex.lt\/lt\/wp-json\/wp\/v2\/product"}],"about":[{"href":"https:\/\/hendlex.lt\/lt\/wp-json\/wp\/v2\/types\/product"}],"version-history":[{"count":10,"href":"https:\/\/hendlex.lt\/lt\/wp-json\/wp\/v2\/product\/9367\/revisions"}],"predecessor-version":[{"id":10979,"href":"https:\/\/hendlex.lt\/lt\/wp-json\/wp\/v2\/product\/9367\/revisions\/10979"}],"wp:featuredmedia":[{"embeddable":true,"href":"https:\/\/hendlex.lt\/lt\/wp-json\/wp\/v2\/media\/10817"}],"wp:attachment":[{"href":"https:\/\/hendlex.lt\/lt\/wp-json\/wp\/v2\/media?parent=9367"}],"wp:term":[{"taxonomy":"product_cat","embeddable":true,"href":"https:\/\/hendlex.lt\/lt\/wp-json\/wp\/v2\/product_cat?post=9367"},{"taxonomy":"product_tag","embeddable":true,"href":"https:\/\/hendlex.lt\/lt\/wp-json\/wp\/v2\/product_tag?post=9367"}],"curies":[{"name":"wp","href":"https:\/\/api.w.org\/{rel}","templated":true}]}}