{"id":9368,"date":"2024-06-19T07:17:50","date_gmt":"2024-06-19T04:17:50","guid":{"rendered":"https:\/\/hendlex.lt\/?post_type=product&#038;p=8973"},"modified":"2025-10-03T10:14:15","modified_gmt":"2025-10-03T07:14:15","slug":"mc500-microfiber-cloth","status":"publish","type":"product","link":"https:\/\/hendlex.lt\/lt\/produktas\/mc500-microfiber-cloth\/","title":{"rendered":"MC500 Microfiber cloth"},"content":{"rendered":"<div data-elementor-type=\"product-post\" data-elementor-id=\"9368\" class=\"elementor elementor-9368\" data-elementor-post-type=\"product\">\n\t\t\t\t\t\t<section class=\"elementor-section elementor-top-section elementor-element elementor-element-33fd9b1 elementor-section-boxed elementor-section-height-default elementor-section-height-default\" data-id=\"33fd9b1\" data-element_type=\"section\" data-e-type=\"section\">\n\t\t\t\t\t\t<div class=\"elementor-container elementor-column-gap-default\">\n\t\t\t\t\t<div class=\"elementor-column elementor-col-100 elementor-top-column elementor-element elementor-element-f2dc798\" data-id=\"f2dc798\" data-element_type=\"column\" data-e-type=\"column\">\n\t\t\t<div class=\"elementor-column-wrap--f2dc798 elementor-widget-wrap elementor-element-populated\">\n\t\t\t\t\t\t<div class=\"elementor-element elementor-element-a02ee8c elementor-widget elementor-widget-heading\" data-id=\"a02ee8c\" data-element_type=\"widget\" data-e-type=\"widget\" data-widget_type=\"heading.default\">\n\t\t\t\t<div class=\"elementor-widget-container\">\n\t\t\t\t\t<h2 class=\"elementor-heading-title elementor-size-default\">PRODUKTO SPECIFIKACIJOS<\/h2>\t\t\t\t<\/div>\n\t\t\t\t<\/div>\n\t\t\t\t<div class=\"elementor-element elementor-element-d92f191 elementor-widget elementor-widget-heading\" data-id=\"d92f191\" data-element_type=\"widget\" data-e-type=\"widget\" data-widget_type=\"heading.default\">\n\t\t\t\t<div class=\"elementor-widget-container\">\n\t\t\t\t\t<h2 class=\"elementor-heading-title elementor-size-default\">PRODUKTO SPECIFIKACIJOS<\/h2>\t\t\t\t<\/div>\n\t\t\t\t<\/div>\n\t\t\t\t<div class=\"elementor-element elementor-element-c7973d7 elementor-widget-divider--view-line elementor-widget elementor-widget-divider\" data-id=\"c7973d7\" data-element_type=\"widget\" data-e-type=\"widget\" data-widget_type=\"divider.default\">\n\t\t\t\t<div class=\"elementor-widget-container\">\n\t\t\t\t\t\t\t<div class=\"elementor-divider\">\n\t\t\t<span class=\"elementor-divider-separator\">\n\t\t\t\t\t\t<\/span>\n\t\t<\/div>\n\t\t\t\t\t\t<\/div>\n\t\t\t\t<\/div>\n\t\t\t\t<div class=\"elementor-element elementor-element-2f309c6 elementor-widget elementor-widget-reycore-carousel\" data-id=\"2f309c6\" data-element_type=\"widget\" data-e-type=\"widget\" data-widget_type=\"reycore-carousel.default\">\n\t\t\t\t<div class=\"elementor-widget-container\">\n\t\t\t\t\t<div data-layout=\"basic\" class=\"rey-carouselEl --custom --direction-ltr rey-sliderComp-nav\" data-carousel-settings=\"{&quot;type&quot;:&quot;slide&quot;,&quot;direction&quot;:&quot;ltr&quot;,&quot;items_to_show&quot;:&quot;4&quot;,&quot;infinite&quot;:true,&quot;autoplay&quot;:false,&quot;pauseOnHover&quot;:false,&quot;interval&quot;:9000,&quot;customArrows&quot;:&quot;arrows-2f309c6-9368&quot;,&quot;pagination&quot;:false,&quot;speed&quot;:700,&quot;c_padding&quot;:{&quot;unit&quot;:&quot;px&quot;,&quot;top&quot;:&quot;&quot;,&quot;right&quot;:&quot;&quot;,&quot;bottom&quot;:&quot;&quot;,&quot;left&quot;:&quot;&quot;,&quot;isLinked&quot;:true},&quot;uniqueID&quot;:&quot;carousel-638fa0907a53c&quot;,&quot;targetSync&quot;:&quot;&quot;,&quot;free_drag&quot;:[],&quot;lazy_load&quot;:false,&quot;autoscroll&quot;:&quot;&quot;,&quot;autoscroll_rewind&quot;:false,&quot;autoscroll_pause_hover&quot;:false,&quot;bp_devices&quot;:{&quot;perPage&quot;:&quot;items_to_show&quot;,&quot;padding&quot;:&quot;c_padding&quot;},&quot;items_to_show_mobile&quot;:&quot;1&quot;,&quot;items_to_show_tablet&quot;:&quot;2&quot;}\">\n\t\t<div class=\"splide carousel-638fa0907a53c\" data-slider-carousel-id=\"carousel-638fa0907a53c\">\n\t\t\t<div class=\"splide__track\">\n\t\t\t\t<div class=\"splide__list __slides\">\n\n\t\t\t\t\t<div class=\"splide__slide __slide elementor-repeater-item-b41041a\"><div class=\"rey-card --basic\"><img decoding=\"async\" width=\"59\" height=\"35\" src=\"https:\/\/hendlex.lt\/wp-content\/uploads\/2025\/03\/Material.svg\" class=\"__media\" alt=\"\" title=\"\"><div class=\"__caption\"><h2 class=\"__captionEl __captionTitle\">PAVIR\u0160IAI <\/h2><div class=\"__captionEl __captionSubtitle\">Visosm transporto priemon\u0117ms<\/div><\/div><\/div><\/div><div class=\"splide__slide __slide elementor-repeater-item-057f5ed\"><div class=\"rey-card --basic\"><img decoding=\"async\" width=\"39\" height=\"40\" src=\"https:\/\/hendlex.lt\/wp-content\/uploads\/2025\/03\/Icon.svg\" class=\"__media\" alt=\"\" title=\"\"><div class=\"__caption\"><h2 class=\"__captionEl __captionTitle\">ILGAAM\u017dI\u0160KUMAS<\/h2><div class=\"__captionEl __captionSubtitle\">Plaunamas produktas<\/div><\/div><\/div><\/div><div class=\"splide__slide __slide elementor-repeater-item-adcb9fd\"><div class=\"rey-card --basic\"><img decoding=\"async\" width=\"33\" height=\"41\" src=\"https:\/\/hendlex.lt\/wp-content\/uploads\/2025\/03\/Vector-24.svg\" class=\"__media\" alt=\"\" title=\"\"><div class=\"__caption\"><h2 class=\"__captionEl __captionTitle\">MATERIALAS <\/h2><div class=\"__captionEl __captionSubtitle\">Be kra\u0161t\u0173 koralinio fliso \u0161luost\u0117 500 GSM.<\/div><\/div><\/div><\/div><div class=\"splide__slide __slide elementor-repeater-item-a2f34e7\"><div class=\"rey-card --basic\"><img loading=\"lazy\" decoding=\"async\" width=\"42\" height=\"41\" src=\"https:\/\/hendlex.lt\/wp-content\/uploads\/2025\/03\/Time.svg\" class=\"__media\" alt=\"\" title=\"\"><div class=\"__caption\"><h2 class=\"__captionEl __captionTitle\">SAVYB\u0116S<\/h2><div class=\"__captionEl __captionSubtitle\">Ypa\u010d gerai sugeria dr\u0117gm\u0119. Ne\u012fbr\u0117\u017eia pavir\u0161iaus. <\/div><\/div><\/div><\/div>\n\t\t\t\t<\/div>\n\t\t\t<\/div>\n\n\t\t\t\n\t\t<\/div>\n\t\t\t\t<div class=\"rey-sliderArrows arrows-2f309c6-9368\" data-lazy-hidden>\n\t\t\t<div class=\"rey-arrowSvg rey-arrowSvg--left\" data-dir=\"<\"><svg aria-hidden=\"true\" role=\"img\" id=\"rey-icon-arrow-long-69d4c38ad97cc\" class=\"rey-icon rey-icon-arrow-long  --default\" viewbox=\"0 0 50 8\"><path d=\"M0.928904706,3.0387609 L44.0113745,3.0387609 L44.0113745,4.97541883 L0.928904706,4.97541883 C0.415884803,4.97541883 2.13162821e-14,4.54188318 2.13162821e-14,4.00708986 C2.13162821e-14,3.47229655 0.415884803,3.0387609 0.928904706,3.0387609 Z\" class=\"rey-arrowSvg-dash\" style=\"transform:var(--i-dsh-tr,initial);transition:var(--i-trs,initial);transform-origin:100% 50%;\"><\/path><path d=\"M49.6399545,3.16320794 L45.1502484,0.129110528 C45.0056033,0.0532149593 44.8474869,0.0092610397 44.685796,3.99680289e-14 C44.5479741,0.0112891909 44.4144881,0.0554642381 44.2956561,0.129110528 C44.0242223,0.2506013 43.8503957,0.531340097 43.8559745,0.839218433 L43.8559745,6.90741326 C43.8503957,7.21529159 44.0242223,7.49603039 44.2956561,7.61752116 C44.5594727,7.77895738 44.8864318,7.77895738 45.1502484,7.61752116 L49.6399545,4.58342375 C49.8682741,4.42554586 50.0055358,4.15892769 50.0055358,3.87331584 C50.0055358,3.587704 49.8682741,3.32108583 49.6399545,3.16320794 Z\"><\/path><\/svg><\/div><div class=\"rey-arrowSvg rey-arrowSvg--right\" data-dir=\">\"><svg aria-hidden=\"true\" role=\"img\" id=\"rey-icon-arrow-long-69d4c38ad97ec\" class=\"rey-icon rey-icon-arrow-long  --default\" viewbox=\"0 0 50 8\"><path d=\"M0.928904706,3.0387609 L44.0113745,3.0387609 L44.0113745,4.97541883 L0.928904706,4.97541883 C0.415884803,4.97541883 2.13162821e-14,4.54188318 2.13162821e-14,4.00708986 C2.13162821e-14,3.47229655 0.415884803,3.0387609 0.928904706,3.0387609 Z\" class=\"rey-arrowSvg-dash\" style=\"transform:var(--i-dsh-tr,initial);transition:var(--i-trs,initial);transform-origin:100% 50%;\"><\/path><path d=\"M49.6399545,3.16320794 L45.1502484,0.129110528 C45.0056033,0.0532149593 44.8474869,0.0092610397 44.685796,3.99680289e-14 C44.5479741,0.0112891909 44.4144881,0.0554642381 44.2956561,0.129110528 C44.0242223,0.2506013 43.8503957,0.531340097 43.8559745,0.839218433 L43.8559745,6.90741326 C43.8503957,7.21529159 44.0242223,7.49603039 44.2956561,7.61752116 C44.5594727,7.77895738 44.8864318,7.77895738 45.1502484,7.61752116 L49.6399545,4.58342375 C49.8682741,4.42554586 50.0055358,4.15892769 50.0055358,3.87331584 C50.0055358,3.587704 49.8682741,3.32108583 49.6399545,3.16320794 Z\"><\/path><\/svg><\/div>\t\t<\/div>\n\n\t\t<\/div>\t\t\t\t<\/div>\n\t\t\t\t<\/div>\n\t\t\t\t\t<\/div>\n\t\t<\/div>\n\t\t\t\t\t<\/div>\n\t\t<\/section>\n\t\t\t\t<section class=\"rey-lazyBg elementor-section elementor-top-section elementor-element elementor-element-cb33a82 rey-section-stretched rey-section-bg--classic --zindexed-2 elementor-section-full_width elementor-section-height-min-height elementor-section-height-default elementor-section-items-middle\" data-id=\"cb33a82\" data-element_type=\"section\" data-e-type=\"section\" data-settings=\"{&quot;background_background&quot;:&quot;classic&quot;}\">\n\t\t\t\t\t\t\t<div class=\"elementor-background-overlay\"><\/div>\n\t\t\t\t\t\t\t<div class=\"elementor-container elementor-column-gap-default\">\n\t\t\t\t\t<div class=\"elementor-column elementor-col-100 elementor-top-column elementor-element elementor-element-42dc4cf\" data-id=\"42dc4cf\" data-element_type=\"column\" data-e-type=\"column\">\n\t\t\t<div class=\"elementor-column-wrap--42dc4cf elementor-widget-wrap\">\n\t\t\t\t\t\t\t<\/div>\n\t\t<\/div>\n\t\t\t\t\t<\/div>\n\t\t<\/section>\n\t\t\t\t<section class=\"rey-lazyBg elementor-section elementor-top-section elementor-element elementor-element-4952c31 rey-section-stretched rey-section-bg--classic --zindexed-2 elementor-section-boxed elementor-section-height-default elementor-section-height-default\" data-id=\"4952c31\" data-element_type=\"section\" data-e-type=\"section\" data-settings=\"{&quot;background_background&quot;:&quot;classic&quot;}\">\n\t\t\t\t\t\t<div class=\"elementor-container elementor-column-gap-default\">\n\t\t\t\t\t<div class=\"elementor-column elementor-col-100 elementor-top-column elementor-element elementor-element-e7e2365\" data-id=\"e7e2365\" data-element_type=\"column\" data-e-type=\"column\">\n\t\t\t<div class=\"elementor-column-wrap--e7e2365 elementor-widget-wrap elementor-element-populated\">\n\t\t\t\t\t\t<section class=\"elementor-section elementor-inner-section elementor-element elementor-element-0963914 elementor-section-boxed elementor-section-height-default elementor-section-height-default\" data-id=\"0963914\" data-element_type=\"section\" data-e-type=\"section\">\n\t\t\t\t\t\t<div class=\"elementor-container elementor-column-gap-default\">\n\t\t\t\t\t<div class=\"elementor-column elementor-col-50 elementor-inner-column elementor-element elementor-element-9fdad0e\" data-id=\"9fdad0e\" data-element_type=\"column\" data-e-type=\"column\">\n\t\t\t<div class=\"elementor-column-wrap--9fdad0e elementor-widget-wrap elementor-element-populated\">\n\t\t\t\t\t\t<div class=\"elementor-element elementor-element-d7ead68 elementor-widget elementor-widget-heading\" data-id=\"d7ead68\" data-element_type=\"widget\" data-e-type=\"widget\" data-widget_type=\"heading.default\">\n\t\t\t\t<div class=\"elementor-widget-container\">\n\t\t\t\t\t<h2 class=\"elementor-heading-title elementor-size-default\">PREPARE CATEGORY \/ <br>MICROFIBER CLOTHS<\/h2>\t\t\t\t<\/div>\n\t\t\t\t<\/div>\n\t\t\t\t\t<\/div>\n\t\t<\/div>\n\t\t\t\t<div class=\"elementor-column elementor-col-50 elementor-inner-column elementor-element elementor-element-c9c7f70\" data-id=\"c9c7f70\" data-element_type=\"column\" data-e-type=\"column\">\n\t\t\t<div class=\"elementor-column-wrap--c9c7f70 elementor-widget-wrap elementor-element-populated\">\n\t\t\t\t\t\t<div class=\"elementor-element elementor-element-047bf03 elementor-widget elementor-widget-text-editor\" data-id=\"047bf03\" data-element_type=\"widget\" data-e-type=\"widget\" data-widget_type=\"text-editor.default\">\n\t\t\t\t<div class=\"elementor-widget-container\">\n\t\t\t\t\t\t\t\t\t<p>Pagamintos i\u0161 auk\u0161tos kokyb\u0117s 500 gsm koralinio fliso audinio, \u0161ios \u0161luost\u0117s pasi\u017eymi i\u0161skirtiniu \u0161velnumu, sugeriamumu ir ilgaam\u017ei\u0161kumu, tod\u0117l yra profesional\u0173 pasirinkimas tiek automobili\u0173 prie\u017ei\u016bros, tiek detaliavimo darbams. Dvigubo sluoksnio konstrukcija leid\u017eia efektyviai valyti tiek vidaus, tiek i\u0161or\u0117s pavir\u0161ius \u2013 \u0161velniai pa\u0161alinant dulkes, ne\u0161varumus ir poliravimo liku\u010dius, nepaliekant \u012fbr\u0117\u017eim\u0173, \u017eymi\u0173 ar dry\u017ei\u0173. Tinka daugybei paskir\u010di\u0173: va\u0161ko, poliravimo pastos ar keramin\u0117s dangos nuvalymui, sausam d\u017eiovinimui ar tarpiniam pavir\u0161i\u0173 valymui. U\u017etikrina tolyg\u0173, auk\u0161to blizgesio pavir\u0161iaus efekt\u0105 ant vis\u0173 automobilio dali\u0173.<\/p>\t\t\t\t\t\t\t\t<\/div>\n\t\t\t\t<\/div>\n\t\t\t\t\t<\/div>\n\t\t<\/div>\n\t\t\t\t\t<\/div>\n\t\t<\/section>\n\t\t\t\t\t<\/div>\n\t\t<\/div>\n\t\t\t\t\t<\/div>\n\t\t<\/section>\n\t\t\t\t<section class=\"elementor-section elementor-top-section elementor-element elementor-element-9aeb788 elementor-section-boxed elementor-section-height-default elementor-section-height-default\" data-id=\"9aeb788\" data-element_type=\"section\" data-e-type=\"section\">\n\t\t\t\t\t\t<div class=\"elementor-container elementor-column-gap-default\">\n\t\t\t\t\t<div class=\"elementor-column elementor-col-50 elementor-top-column elementor-element elementor-element-b68a7be\" data-id=\"b68a7be\" data-element_type=\"column\" data-e-type=\"column\">\n\t\t\t<div class=\"elementor-column-wrap--b68a7be elementor-widget-wrap elementor-element-populated\">\n\t\t\t\t\t\t<div class=\"elementor-element elementor-element-756ec0b elementor-widget elementor-widget-heading\" data-id=\"756ec0b\" data-element_type=\"widget\" data-e-type=\"widget\" data-widget_type=\"heading.default\">\n\t\t\t\t<div class=\"elementor-widget-container\">\n\t\t\t\t\t<h2 class=\"elementor-heading-title elementor-size-default\">KAIP NAUDOTI<\/h2>\t\t\t\t<\/div>\n\t\t\t\t<\/div>\n\t\t\t\t<div class=\"elementor-element elementor-element-c4fcb60 --zindexed-2 elementor-widget elementor-widget-text-editor\" data-id=\"c4fcb60\" data-element_type=\"widget\" data-e-type=\"widget\" data-widget_type=\"text-editor.default\">\n\t\t\t\t<div class=\"elementor-widget-container\">\n\t\t\t\t\t\t\t\t\t<p>Skalbti skalbimo ma\u0161ina 40 \u00b0C temperat\u016broje.<\/p><p><strong><b>PASTABA:<\/b><\/strong> \u0160varus ir auk\u0161tos kokyb\u0117s mikropluo\u0161to audinys yra b\u016btinas s\u0117kmingam produkto padengimui.\u00a0<\/p>\t\t\t\t\t\t\t\t<\/div>\n\t\t\t\t<\/div>\n\t\t\t\t<div class=\"elementor-element elementor-element-cbd2d0f elementor-absolute --zindexed-1 elementor-widget elementor-widget-image\" data-id=\"cbd2d0f\" data-element_type=\"widget\" data-e-type=\"widget\" data-settings=\"{&quot;_position&quot;:&quot;absolute&quot;}\" data-widget_type=\"image.default\">\n\t\t\t\t<div class=\"elementor-widget-container\">\n\t\t\t\t\t\t\t\t\t\t\t\t\t\t\t<img loading=\"lazy\" decoding=\"async\" width=\"592\" height=\"460\" src=\"https:\/\/hendlex.lt\/wp-content\/uploads\/2025\/03\/Vector-5-1.webp\" class=\"attachment-large size-large wp-image-10838\" alt=\"\" srcset=\"https:\/\/hendlex.lt\/wp-content\/uploads\/2025\/03\/Vector-5-1.webp 592w, https:\/\/hendlex.lt\/wp-content\/uploads\/2025\/03\/Vector-5-1-300x233.webp 300w, https:\/\/hendlex.lt\/wp-content\/uploads\/2025\/03\/Vector-5-1-15x12.webp 15w\" sizes=\"(max-width: 592px) 100vw, 592px\" title=\"\">\t\t\t\t\t\t\t\t\t\t\t\t\t\t\t<\/div>\n\t\t\t\t<\/div>\n\t\t\t\t\t<\/div>\n\t\t<\/div>\n\t\t\t\t<div class=\"elementor-column elementor-col-50 elementor-top-column elementor-element elementor-element-441dbe9\" data-id=\"441dbe9\" data-element_type=\"column\" data-e-type=\"column\">\n\t\t\t<div class=\"elementor-column-wrap--441dbe9 elementor-widget-wrap elementor-element-populated\">\n\t\t\t\t\t\t<div class=\"elementor-element elementor-element-9ee55a2 --zindexed-2 elementor-widget elementor-widget-heading\" data-id=\"9ee55a2\" data-element_type=\"widget\" data-e-type=\"widget\" data-widget_type=\"heading.default\">\n\t\t\t\t<div class=\"elementor-widget-container\">\n\t\t\t\t\t<h2 class=\"elementor-heading-title elementor-size-default\">KAIP I\u0160D\u017dIOVINTI<\/h2>\t\t\t\t<\/div>\n\t\t\t\t<\/div>\n\t\t\t\t<div class=\"elementor-element elementor-element-71a1e53 --zindexed-2 elementor-widget elementor-widget-text-editor\" data-id=\"71a1e53\" data-element_type=\"widget\" data-e-type=\"widget\" data-widget_type=\"text-editor.default\">\n\t\t\t\t<div class=\"elementor-widget-container\">\n\t\t\t\t\t\t\t\t\t<p>D\u017eiovinti nat\u016braliai ore arba d\u017eiovykl\u0117je \u017eemoje temperat\u016broje.<\/p>\t\t\t\t\t\t\t\t<\/div>\n\t\t\t\t<\/div>\n\t\t\t\t\t<\/div>\n\t\t<\/div>\n\t\t\t\t\t<\/div>\n\t\t<\/section>\n\t\t\t\t<section class=\"elementor-section elementor-top-section elementor-element elementor-element-175e44a --zindexed-1 elementor-section-boxed elementor-section-height-default elementor-section-height-default\" data-id=\"175e44a\" data-element_type=\"section\" data-e-type=\"section\">\n\t\t\t\t\t\t<div class=\"elementor-container elementor-column-gap-default\">\n\t\t\t\t\t<div class=\"elementor-column elementor-col-100 elementor-top-column elementor-element elementor-element-db3607f\" data-id=\"db3607f\" data-element_type=\"column\" data-e-type=\"column\">\n\t\t\t<div class=\"elementor-column-wrap--db3607f elementor-widget-wrap elementor-element-populated\">\n\t\t\t\t\t\t<div class=\"elementor-element elementor-element-3ef361e elementor-widget elementor-widget-text-editor\" data-id=\"3ef361e\" data-element_type=\"widget\" data-e-type=\"widget\" data-widget_type=\"text-editor.default\">\n\t\t\t\t<div class=\"elementor-widget-container\">\n\t\t\t\t\t\t\t\t\t<p>Raskite daugiau produkt\u0173 automobiliams <strong><em><a href=\"https:\/\/hendlex.com\/product-category\/auto\/\" target=\"_blank\" rel=\"noopener\">\u010dia<\/a><\/em> <\/strong>\/ Jei turite klausim\u0173 apie produkt\u0105, pra\u0161ome <strong><em><a href=\"https:\/\/hendlex.com\/contact-us\/\" target=\"_blank\" rel=\"noopener\">Susisiekite su mumis<\/a><\/em><\/strong><\/p>\t\t\t\t\t\t\t\t<\/div>\n\t\t\t\t<\/div>\n\t\t\t\t<div class=\"elementor-element elementor-element-cdd1a25 elementor-hidden-desktop elementor-hidden-tablet elementor-hidden-mobile elementor-widget elementor-widget-text-editor\" data-id=\"cdd1a25\" data-element_type=\"widget\" data-e-type=\"widget\" data-widget_type=\"text-editor.default\">\n\t\t\t\t<div class=\"elementor-widget-container\">\n\t\t\t\t\t\t\t\t\t<p>Pagamintos i\u0161 auk\u0161tos kokyb\u0117s 500 gsm koralinio fliso audinio, \u0161ios \u0161luost\u0117s pasi\u017eymi i\u0161skirtiniu \u0161velnumu, sugeriamumu ir ilgaam\u017ei\u0161kumu, tod\u0117l yra profesional\u0173 pasirinkimas tiek automobili\u0173 prie\u017ei\u016bros, tiek detaliavimo darbams. Dvigubo sluoksnio konstrukcija leid\u017eia efektyviai valyti tiek vidaus, tiek i\u0161or\u0117s pavir\u0161ius \u2013 \u0161velniai pa\u0161alinant dulkes, ne\u0161varumus ir poliravimo liku\u010dius, nepaliekant \u012fbr\u0117\u017eim\u0173, \u017eymi\u0173 ar dry\u017ei\u0173. Tinka daugybei paskir\u010di\u0173: va\u0161ko, poliravimo pastos ar keramin\u0117s dangos nuvalymui, sausam d\u017eiovinimui ar tarpiniam pavir\u0161i\u0173 valymui. U\u017etikrina tolyg\u0173, auk\u0161to blizgesio pavir\u0161iaus efekt\u0105 ant vis\u0173 automobilio dali\u0173.<\/p>\t\t\t\t\t\t\t\t<\/div>\n\t\t\t\t<\/div>\n\t\t\t\t\t<\/div>\n\t\t<\/div>\n\t\t\t\t\t<\/div>\n\t\t<\/section>\n\t\t\t\t<\/div>","protected":false},"excerpt":{"rendered":"<p>Patirkite neprilygstam\u0105 pavir\u0161i\u0173 prie\u017ei\u016bros kokyb\u0119 su m\u016bs\u0173 auk\u0161\u010diausios klas\u0117s be kra\u0161t\u0173 mikropluo\u0161to \u0161luost\u0117mis MC500. Pagamintos i\u0161 itin kokybi\u0161ko 500 gsm koralinio fliso, \u0161ios \u0161luost\u0117s yra profesional\u0173 pasirinkimas d\u0117l i\u0161skirtinio \u0161velnumo ir ilgaam\u017ei\u0161kumo. Sukurtos tiek automobilio vidaus, tiek i\u0161or\u0117s detaliavimui, j\u0173 dvipus\u0117 strukt\u016bra u\u017etikrina \u0161veln\u0173, bet efektyv\u0173 valym\u0105, nepaliekant joki\u0173 \u017eymi\u0173 ar \u012fbr\u0117\u017eim\u0173. Tinka daugybei paskir\u010di\u0173 \u2013 \u0161ios universalios \u0161luost\u0117s suteikia nepriekai\u0161ting\u0105 blizges\u012f bet kuriam automobilio pavir\u0161iui. \u0160velniai pa\u0161alinkite ne\u0161varumus ir netobulumus, kad atskleistum\u0117te \u012fsp\u016bding\u0105, auk\u0161to blizgesio rezultat\u0105.<\/p>\n<p>40&#215;40 cm; 500 GSM<\/p>\n<p>Inovatyvi ultragarsinio pjovimo technologija \/ Dvipus\u0117.<\/p>\n<p>&nbsp;<\/p>","protected":false},"featured_media":10819,"template":"","meta":{"_acf_changed":false},"product_cat":[43],"product_tag":[],"class_list":{"0":"post-9368","1":"product","2":"type-product","3":"status-publish","4":"has-post-thumbnail","6":"product_cat-auto","8":"first","9":"instock","10":"taxable","11":"shipping-taxable","12":"purchasable","13":"product-type-simple","swatches":"rey-swatches","show_selected":""},"acf":[],"_links":{"self":[{"href":"https:\/\/hendlex.lt\/lt\/wp-json\/wp\/v2\/product\/9368","targetHints":{"allow":["GET"]}}],"collection":[{"href":"https:\/\/hendlex.lt\/lt\/wp-json\/wp\/v2\/product"}],"about":[{"href":"https:\/\/hendlex.lt\/lt\/wp-json\/wp\/v2\/types\/product"}],"version-history":[{"count":6,"href":"https:\/\/hendlex.lt\/lt\/wp-json\/wp\/v2\/product\/9368\/revisions"}],"predecessor-version":[{"id":10843,"href":"https:\/\/hendlex.lt\/lt\/wp-json\/wp\/v2\/product\/9368\/revisions\/10843"}],"wp:featuredmedia":[{"embeddable":true,"href":"https:\/\/hendlex.lt\/lt\/wp-json\/wp\/v2\/media\/10819"}],"wp:attachment":[{"href":"https:\/\/hendlex.lt\/lt\/wp-json\/wp\/v2\/media?parent=9368"}],"wp:term":[{"taxonomy":"product_cat","embeddable":true,"href":"https:\/\/hendlex.lt\/lt\/wp-json\/wp\/v2\/product_cat?post=9368"},{"taxonomy":"product_tag","embeddable":true,"href":"https:\/\/hendlex.lt\/lt\/wp-json\/wp\/v2\/product_tag?post=9368"}],"curies":[{"name":"wp","href":"https:\/\/api.w.org\/{rel}","templated":true}]}}